{"id":89,"date":"2023-06-26T09:59:46","date_gmt":"2023-06-26T09:59:46","guid":{"rendered":"https:\/\/mood-colors.com\/?post_type=product&#038;p=89"},"modified":"2025-12-16T15:44:17","modified_gmt":"2025-12-16T14:44:17","slug":"tarjeta-regalo","status":"publish","type":"product","link":"https:\/\/mood-colors.com\/en\/product\/tarjeta-regalo\/","title":{"rendered":"Mood Colors Gift card"},"content":{"rendered":"<p>Nuestra tarjeta regalo es canjeable por experiencias creativas en nuestro estudio o productos disponibles en nuestra tienda f\u00edsica. C\u00f3mprala online y recibe una tarjeta virtual o c\u00f3mprala en tienda f\u00edsica. Recuerda que para validar tu tarjeta regalo en la tienda es necesario que presentes el email de confirmaci\u00f3n de la compra y\/o el c\u00f3digo \u00fanico que recibir\u00e1s una vez hecha la compra.<\/p>\n<p>Puedes escoger tarjetas de 25, 50, 70 o 90 Euros.<\/p>\n<p>El valor de la actividad corresponde al precio de la pieza que elijas pintar. <a href=\"https:\/\/mood-colors.com\/en\/faqs\/#piezas-disponibles\"><span style=\"text-decoration: underline;\">Puedes ver nuestras opciones aqu\u00ed<\/span>.<\/a> El precio de la pieza incluye toda la experiencia: uso de esmaltes y herramientas para crear tu dise\u00f1o, asesor\u00eda durante la actividad y quema final en horno para que tu pieza quede brillante, resistente y lista para usar.<\/p>\n<p>Adem\u00e1s la experiencia se puede acompa\u00f1ar de una bebida caliente o fr\u00eda, con precios entre 1,50\u20ac y 2,80\u20ac.<\/p>\n<p><strong>Para uso individual o grupal en cualquiera de nuestros productos y servicios Mood Colors.<\/strong><\/p>","protected":false},"excerpt":{"rendered":"<p>Nuestra tarjeta regalo es canjeable por experiencias creativas en nuestro estudio o productos disponibles en nuestra tienda f\u00edsica.<\/p>","protected":false},"featured_media":2162,"template":"","meta":{"_acf_changed":false},"tipo-de-taller":[],"product_brand":[],"product_cat":[20],"product_tag":[22],"class_list":{"0":"post-89","1":"product","2":"type-product","3":"status-publish","4":"has-post-thumbnail","6":"product_cat-regalos","7":"product_tag-tarjeta-regalo","8":"product_shipping_class-free-shipping","10":"first","11":"instock","12":"taxable","13":"shipping-taxable","14":"purchasable","15":"product-type-variable","16":"rtwpvg-product"},"acf":[],"yoast_head":"<!-- This site is optimized with the Yoast SEO plugin v27.3 - https:\/\/yoast.com\/product\/yoast-seo-wordpress\/ -->\n<title>Regala Mood Colors - Mood Colors<\/title>\n<meta name=\"robots\" content=\"index, follow, max-snippet:-1, max-image-preview:large, max-video-preview:-1\" \/>\n<link rel=\"canonical\" href=\"https:\/\/mood-colors.com\/en\/product\/tarjeta-regalo\/\" \/>\n<meta property=\"og:locale\" content=\"en_US\" \/>\n<meta property=\"og:type\" content=\"article\" \/>\n<meta property=\"og:title\" content=\"Regala Mood Colors - Mood Colors\" \/>\n<meta property=\"og:description\" content=\"Nuestra tarjeta regalo es canjeable por experiencias creativas en nuestro estudio o productos disponibles en nuestra tienda f\u00edsica.\" \/>\n<meta property=\"og:url\" content=\"https:\/\/mood-colors.com\/en\/product\/tarjeta-regalo\/\" \/>\n<meta property=\"og:site_name\" content=\"Mood Colors\" \/>\n<meta property=\"article:publisher\" content=\"https:\/\/www.facebook.com\/profile.php?id=61551704345080\" \/>\n<meta property=\"article:modified_time\" content=\"2025-12-16T14:44:17+00:00\" \/>\n<meta property=\"og:image\" content=\"https:\/\/mood-colors.com\/wp-content\/uploads\/2025\/11\/50-new.png\" \/>\n\t<meta property=\"og:image:width\" content=\"1800\" \/>\n\t<meta property=\"og:image:height\" content=\"1314\" \/>\n\t<meta property=\"og:image:type\" content=\"image\/png\" \/>\n<meta name=\"twitter:card\" content=\"summary_large_image\" \/>\n<meta name=\"twitter:label1\" content=\"Est. reading time\" \/>\n\t<meta name=\"twitter:data1\" content=\"1 minute\" \/>\n<script type=\"application\/ld+json\" class=\"yoast-schema-graph\">{\"@context\":\"https:\\\/\\\/schema.org\",\"@graph\":[{\"@type\":\"WebPage\",\"@id\":\"https:\\\/\\\/mood-colors.com\\\/product\\\/tarjeta-regalo\\\/\",\"url\":\"https:\\\/\\\/mood-colors.com\\\/product\\\/tarjeta-regalo\\\/\",\"name\":\"Regala Mood Colors - Mood Colors\",\"isPartOf\":{\"@id\":\"https:\\\/\\\/mood-colors.com\\\/#website\"},\"primaryImageOfPage\":{\"@id\":\"https:\\\/\\\/mood-colors.com\\\/product\\\/tarjeta-regalo\\\/#primaryimage\"},\"image\":{\"@id\":\"https:\\\/\\\/mood-colors.com\\\/product\\\/tarjeta-regalo\\\/#primaryimage\"},\"thumbnailUrl\":\"https:\\\/\\\/mood-colors.com\\\/wp-content\\\/uploads\\\/2025\\\/11\\\/50-new.png\",\"datePublished\":\"2023-06-26T09:59:46+00:00\",\"dateModified\":\"2025-12-16T14:44:17+00:00\",\"breadcrumb\":{\"@id\":\"https:\\\/\\\/mood-colors.com\\\/product\\\/tarjeta-regalo\\\/#breadcrumb\"},\"inLanguage\":\"en-US\",\"potentialAction\":[{\"@type\":\"ReadAction\",\"target\":[\"https:\\\/\\\/mood-colors.com\\\/product\\\/tarjeta-regalo\\\/\"]}]},{\"@type\":\"ImageObject\",\"inLanguage\":\"en-US\",\"@id\":\"https:\\\/\\\/mood-colors.com\\\/product\\\/tarjeta-regalo\\\/#primaryimage\",\"url\":\"https:\\\/\\\/mood-colors.com\\\/wp-content\\\/uploads\\\/2025\\\/11\\\/50-new.png\",\"contentUrl\":\"https:\\\/\\\/mood-colors.com\\\/wp-content\\\/uploads\\\/2025\\\/11\\\/50-new.png\",\"width\":1800,\"height\":1314},{\"@type\":\"BreadcrumbList\",\"@id\":\"https:\\\/\\\/mood-colors.com\\\/product\\\/tarjeta-regalo\\\/#breadcrumb\",\"itemListElement\":[{\"@type\":\"ListItem\",\"position\":1,\"name\":\"Home\",\"item\":\"https:\\\/\\\/mood-colors.com\\\/\"},{\"@type\":\"ListItem\",\"position\":2,\"name\":\"Tienda\",\"item\":\"https:\\\/\\\/mood-colors.com\\\/tienda\\\/\"},{\"@type\":\"ListItem\",\"position\":3,\"name\":\"Regala Mood Colors\"}]},{\"@type\":\"WebSite\",\"@id\":\"https:\\\/\\\/mood-colors.com\\\/#website\",\"url\":\"https:\\\/\\\/mood-colors.com\\\/\",\"name\":\"Mood Colors\",\"description\":\"Taller de pintura de cer\u00e1mica en Barcelona\",\"publisher\":{\"@id\":\"https:\\\/\\\/mood-colors.com\\\/#organization\"},\"potentialAction\":[{\"@type\":\"SearchAction\",\"target\":{\"@type\":\"EntryPoint\",\"urlTemplate\":\"https:\\\/\\\/mood-colors.com\\\/?s={search_term_string}\"},\"query-input\":{\"@type\":\"PropertyValueSpecification\",\"valueRequired\":true,\"valueName\":\"search_term_string\"}}],\"inLanguage\":\"en-US\"},{\"@type\":\"Organization\",\"@id\":\"https:\\\/\\\/mood-colors.com\\\/#organization\",\"name\":\"Mood Colors\",\"url\":\"https:\\\/\\\/mood-colors.com\\\/\",\"logo\":{\"@type\":\"ImageObject\",\"inLanguage\":\"en-US\",\"@id\":\"https:\\\/\\\/mood-colors.com\\\/#\\\/schema\\\/logo\\\/image\\\/\",\"url\":\"https:\\\/\\\/mood-colors.com\\\/wp-content\\\/uploads\\\/2023\\\/06\\\/cropped-cropped-favicon-mood-colors.png\",\"contentUrl\":\"https:\\\/\\\/mood-colors.com\\\/wp-content\\\/uploads\\\/2023\\\/06\\\/cropped-cropped-favicon-mood-colors.png\",\"width\":500,\"height\":500,\"caption\":\"Mood Colors\"},\"image\":{\"@id\":\"https:\\\/\\\/mood-colors.com\\\/#\\\/schema\\\/logo\\\/image\\\/\"},\"sameAs\":[\"https:\\\/\\\/www.facebook.com\\\/profile.php?id=61551704345080\",\"https:\\\/\\\/instagram.com\\\/moodcolors.bcn\",\"https:\\\/\\\/www.tiktok.com\\\/@mood.colors.ceramica?_t=8jRI5rmEwOu&_r=1\"]}]}<\/script>\n<!-- \/ Yoast SEO plugin. -->","yoast_head_json":{"title":"Gift Mood Colors - Mood Colors","robots":{"index":"index","follow":"follow","max-snippet":"max-snippet:-1","max-image-preview":"max-image-preview:large","max-video-preview":"max-video-preview:-1"},"canonical":"https:\/\/mood-colors.com\/en\/product\/tarjeta-regalo\/","og_locale":"en_US","og_type":"article","og_title":"Regala Mood Colors - Mood Colors","og_description":"Nuestra tarjeta regalo es canjeable por experiencias creativas en nuestro estudio o productos disponibles en nuestra tienda f\u00edsica.","og_url":"https:\/\/mood-colors.com\/en\/product\/tarjeta-regalo\/","og_site_name":"Mood Colors","article_publisher":"https:\/\/www.facebook.com\/profile.php?id=61551704345080","article_modified_time":"2025-12-16T14:44:17+00:00","og_image":[{"width":1800,"height":1314,"url":"https:\/\/mood-colors.com\/wp-content\/uploads\/2025\/11\/50-new.png","type":"image\/png"}],"twitter_card":"summary_large_image","twitter_misc":{"Est. reading time":"1 minute"},"schema":{"@context":"https:\/\/schema.org","@graph":[{"@type":"WebPage","@id":"https:\/\/mood-colors.com\/product\/tarjeta-regalo\/","url":"https:\/\/mood-colors.com\/product\/tarjeta-regalo\/","name":"Gift Mood Colors - Mood Colors","isPartOf":{"@id":"https:\/\/mood-colors.com\/#website"},"primaryImageOfPage":{"@id":"https:\/\/mood-colors.com\/product\/tarjeta-regalo\/#primaryimage"},"image":{"@id":"https:\/\/mood-colors.com\/product\/tarjeta-regalo\/#primaryimage"},"thumbnailUrl":"https:\/\/mood-colors.com\/wp-content\/uploads\/2025\/11\/50-new.png","datePublished":"2023-06-26T09:59:46+00:00","dateModified":"2025-12-16T14:44:17+00:00","breadcrumb":{"@id":"https:\/\/mood-colors.com\/product\/tarjeta-regalo\/#breadcrumb"},"inLanguage":"en-US","potentialAction":[{"@type":"ReadAction","target":["https:\/\/mood-colors.com\/product\/tarjeta-regalo\/"]}]},{"@type":"ImageObject","inLanguage":"en-US","@id":"https:\/\/mood-colors.com\/product\/tarjeta-regalo\/#primaryimage","url":"https:\/\/mood-colors.com\/wp-content\/uploads\/2025\/11\/50-new.png","contentUrl":"https:\/\/mood-colors.com\/wp-content\/uploads\/2025\/11\/50-new.png","width":1800,"height":1314},{"@type":"BreadcrumbList","@id":"https:\/\/mood-colors.com\/product\/tarjeta-regalo\/#breadcrumb","itemListElement":[{"@type":"ListItem","position":1,"name":"Home","item":"https:\/\/mood-colors.com\/"},{"@type":"ListItem","position":2,"name":"Tienda","item":"https:\/\/mood-colors.com\/tienda\/"},{"@type":"ListItem","position":3,"name":"Regala Mood Colors"}]},{"@type":"WebSite","@id":"https:\/\/mood-colors.com\/#website","url":"https:\/\/mood-colors.com\/","name":"Mood Colors","description":"Ceramic painting workshop in Barcelona","publisher":{"@id":"https:\/\/mood-colors.com\/#organization"},"potentialAction":[{"@type":"SearchAction","target":{"@type":"EntryPoint","urlTemplate":"https:\/\/mood-colors.com\/?s={search_term_string}"},"query-input":{"@type":"PropertyValueSpecification","valueRequired":true,"valueName":"search_term_string"}}],"inLanguage":"en-US"},{"@type":"Organization","@id":"https:\/\/mood-colors.com\/#organization","name":"Mood Colors","url":"https:\/\/mood-colors.com\/","logo":{"@type":"ImageObject","inLanguage":"en-US","@id":"https:\/\/mood-colors.com\/#\/schema\/logo\/image\/","url":"https:\/\/mood-colors.com\/wp-content\/uploads\/2023\/06\/cropped-cropped-favicon-mood-colors.png","contentUrl":"https:\/\/mood-colors.com\/wp-content\/uploads\/2023\/06\/cropped-cropped-favicon-mood-colors.png","width":500,"height":500,"caption":"Mood Colors"},"image":{"@id":"https:\/\/mood-colors.com\/#\/schema\/logo\/image\/"},"sameAs":["https:\/\/www.facebook.com\/profile.php?id=61551704345080","https:\/\/instagram.com\/moodcolors.bcn","https:\/\/www.tiktok.com\/@mood.colors.ceramica?_t=8jRI5rmEwOu&_r=1"]}]}},"_links":{"self":[{"href":"https:\/\/mood-colors.com\/en\/wp-json\/wp\/v2\/product\/89","targetHints":{"allow":["GET"]}}],"collection":[{"href":"https:\/\/mood-colors.com\/en\/wp-json\/wp\/v2\/product"}],"about":[{"href":"https:\/\/mood-colors.com\/en\/wp-json\/wp\/v2\/types\/product"}],"wp:featuredmedia":[{"embeddable":true,"href":"https:\/\/mood-colors.com\/en\/wp-json\/wp\/v2\/media\/2162"}],"wp:attachment":[{"href":"https:\/\/mood-colors.com\/en\/wp-json\/wp\/v2\/media?parent=89"}],"wp:term":[{"taxonomy":"tipo-de-taller","embeddable":true,"href":"https:\/\/mood-colors.com\/en\/wp-json\/wp\/v2\/tipo-de-taller?post=89"},{"taxonomy":"product_brand","embeddable":true,"href":"https:\/\/mood-colors.com\/en\/wp-json\/wp\/v2\/product_brand?post=89"},{"taxonomy":"product_cat","embeddable":true,"href":"https:\/\/mood-colors.com\/en\/wp-json\/wp\/v2\/product_cat?post=89"},{"taxonomy":"product_tag","embeddable":true,"href":"https:\/\/mood-colors.com\/en\/wp-json\/wp\/v2\/product_tag?post=89"}],"curies":[{"name":"wp","href":"https:\/\/api.w.org\/{rel}","templated":true}]}}