{"id":1713,"date":"2025-09-19T13:53:48","date_gmt":"2025-09-19T11:53:48","guid":{"rendered":"https:\/\/mood-colors.com\/?post_type=product&#038;p=1713"},"modified":"2026-03-23T09:32:14","modified_gmt":"2026-03-23T08:32:14","slug":"taller-pintura-decorativa-para-muebles","status":"publish","type":"product","link":"https:\/\/mood-colors.com\/en\/product\/taller-pintura-decorativa-para-muebles\/","title":{"rendered":"\u2014 Decorative painting workshop for furniture"},"content":{"rendered":"<div>Want to give your furniture a new lease on life but don't know where to start?<\/div>\n<div><\/div>\n<div>We invite you to our in-person workshops where you can learn a variety of very simple techniques that will allow you to transform your furniture and your home into a very special and personal space.<\/div>\n<div><\/div>\n<div>Includes:<\/div>\n<div>\n<ul class=\"ul1\">\n<li class=\"li1\">3 hours of fun<\/li>\n<li class=\"li1\">Three techniques and lots of tips: we will paint on a wooden board that you can take home with you.<\/li>\n<li class=\"li1\">1 wooden sign painted by you with a custom design.<\/li>\n<li class=\"li1\">1 notebook for notes.<\/li>\n<li class=\"li1\">Connection, creativity, and fun.<\/li>\n<li class=\"li1\">Free snacks and unlimited drinks.<\/li>\n<li class=\"li1\">Special discount on our product line <a href=\"https:\/\/mood-colors.com\/en\/pinturas\/\">Mood Colors Chalk Paint<\/a>.<\/li>\n<\/ul>\n<p><strong>What should you bring? <\/strong>Clothes that can get dirty and your best attitude for learning and enjoying yourself.<\/p>\n<p class=\"p1\">Would you like to do this workshop with your group of friends at a time that suits you? Write to us at <a href=\"mailto:hola@mood-colors.com\">paints@mood-colors.com<\/a><\/p>\n<\/div>","protected":false},"excerpt":{"rendered":"<p>\u00bfQuieres darle una nueva vida a tus muebles y no sabes por donde empezar? Te invitamos a nuestros talleres presenciales donde podr\u00e1s aprender diversidad de t\u00e9cnicas muy sencillas que te permitir\u00e1n transformar tus muebles y tu hogar en un espacio muy especial y personal. Incluye: 3 horas de diversi\u00f3n 3 t\u00e9cnicas y muchos tips: pintaremos [&hellip;]<\/p>\n","protected":false},"featured_media":1718,"template":"","meta":{"_acf_changed":false},"tipo-de-taller":[],"product_brand":[],"product_cat":[59],"product_tag":[],"class_list":{"0":"post-1713","1":"product","2":"type-product","3":"status-publish","4":"has-post-thumbnail","6":"product_cat-talleres-pintura-tiza","7":"product_shipping_class-free-shipping","9":"first","10":"instock","11":"taxable","12":"shipping-taxable","13":"purchasable","14":"product-type-variable","15":"rtwpvg-product"},"acf":[],"yoast_head":"<!-- This site is optimized with the Yoast SEO plugin v27.3 - https:\/\/yoast.com\/product\/yoast-seo-wordpress\/ -->\n<title>\u2014 Taller pintura decorativa para muebles - Mood Colors<\/title>\n<meta name=\"robots\" content=\"index, follow, max-snippet:-1, max-image-preview:large, max-video-preview:-1\" \/>\n<link rel=\"canonical\" href=\"https:\/\/mood-colors.com\/en\/product\/taller-pintura-decorativa-para-muebles\/\" \/>\n<meta property=\"og:locale\" content=\"en_US\" \/>\n<meta property=\"og:type\" content=\"article\" \/>\n<meta property=\"og:title\" content=\"\u2014 Taller pintura decorativa para muebles - Mood Colors\" \/>\n<meta property=\"og:description\" content=\"\u00bfQuieres darle una nueva vida a tus muebles y no sabes por donde empezar? Te invitamos a nuestros talleres presenciales donde podr\u00e1s aprender diversidad de t\u00e9cnicas muy sencillas que te permitir\u00e1n transformar tus muebles y tu hogar en un espacio muy especial y personal. Incluye: 3 horas de diversi\u00f3n 3 t\u00e9cnicas y muchos tips: pintaremos [&hellip;]\" \/>\n<meta property=\"og:url\" content=\"https:\/\/mood-colors.com\/en\/product\/taller-pintura-decorativa-para-muebles\/\" \/>\n<meta property=\"og:site_name\" content=\"Mood Colors\" \/>\n<meta property=\"article:publisher\" content=\"https:\/\/www.facebook.com\/profile.php?id=61551704345080\" \/>\n<meta property=\"article:modified_time\" content=\"2026-03-23T08:32:14+00:00\" \/>\n<meta property=\"og:image\" content=\"https:\/\/mood-colors.com\/wp-content\/uploads\/2025\/09\/pintura-decorativa-5.png\" \/>\n\t<meta property=\"og:image:width\" content=\"730\" \/>\n\t<meta property=\"og:image:height\" content=\"729\" \/>\n\t<meta property=\"og:image:type\" content=\"image\/png\" \/>\n<meta name=\"twitter:card\" content=\"summary_large_image\" \/>\n<meta name=\"twitter:label1\" content=\"Est. reading time\" \/>\n\t<meta name=\"twitter:data1\" content=\"1 minute\" \/>\n<script type=\"application\/ld+json\" class=\"yoast-schema-graph\">{\"@context\":\"https:\\\/\\\/schema.org\",\"@graph\":[{\"@type\":\"WebPage\",\"@id\":\"https:\\\/\\\/mood-colors.com\\\/product\\\/taller-pintura-decorativa-para-muebles\\\/\",\"url\":\"https:\\\/\\\/mood-colors.com\\\/product\\\/taller-pintura-decorativa-para-muebles\\\/\",\"name\":\"\u2014 Taller pintura decorativa para muebles - Mood Colors\",\"isPartOf\":{\"@id\":\"https:\\\/\\\/mood-colors.com\\\/#website\"},\"primaryImageOfPage\":{\"@id\":\"https:\\\/\\\/mood-colors.com\\\/product\\\/taller-pintura-decorativa-para-muebles\\\/#primaryimage\"},\"image\":{\"@id\":\"https:\\\/\\\/mood-colors.com\\\/product\\\/taller-pintura-decorativa-para-muebles\\\/#primaryimage\"},\"thumbnailUrl\":\"https:\\\/\\\/mood-colors.com\\\/wp-content\\\/uploads\\\/2025\\\/09\\\/pintura-decorativa-5.png\",\"datePublished\":\"2025-09-19T11:53:48+00:00\",\"dateModified\":\"2026-03-23T08:32:14+00:00\",\"breadcrumb\":{\"@id\":\"https:\\\/\\\/mood-colors.com\\\/product\\\/taller-pintura-decorativa-para-muebles\\\/#breadcrumb\"},\"inLanguage\":\"en-US\",\"potentialAction\":[{\"@type\":\"ReadAction\",\"target\":[\"https:\\\/\\\/mood-colors.com\\\/product\\\/taller-pintura-decorativa-para-muebles\\\/\"]}]},{\"@type\":\"ImageObject\",\"inLanguage\":\"en-US\",\"@id\":\"https:\\\/\\\/mood-colors.com\\\/product\\\/taller-pintura-decorativa-para-muebles\\\/#primaryimage\",\"url\":\"https:\\\/\\\/mood-colors.com\\\/wp-content\\\/uploads\\\/2025\\\/09\\\/pintura-decorativa-5.png\",\"contentUrl\":\"https:\\\/\\\/mood-colors.com\\\/wp-content\\\/uploads\\\/2025\\\/09\\\/pintura-decorativa-5.png\",\"width\":730,\"height\":729},{\"@type\":\"BreadcrumbList\",\"@id\":\"https:\\\/\\\/mood-colors.com\\\/product\\\/taller-pintura-decorativa-para-muebles\\\/#breadcrumb\",\"itemListElement\":[{\"@type\":\"ListItem\",\"position\":1,\"name\":\"Home\",\"item\":\"https:\\\/\\\/mood-colors.com\\\/\"},{\"@type\":\"ListItem\",\"position\":2,\"name\":\"Tienda\",\"item\":\"https:\\\/\\\/mood-colors.com\\\/tienda\\\/\"},{\"@type\":\"ListItem\",\"position\":3,\"name\":\"\u2014 Taller pintura decorativa para muebles\"}]},{\"@type\":\"WebSite\",\"@id\":\"https:\\\/\\\/mood-colors.com\\\/#website\",\"url\":\"https:\\\/\\\/mood-colors.com\\\/\",\"name\":\"Mood Colors\",\"description\":\"Taller de pintura de cer\u00e1mica en Barcelona\",\"publisher\":{\"@id\":\"https:\\\/\\\/mood-colors.com\\\/#organization\"},\"potentialAction\":[{\"@type\":\"SearchAction\",\"target\":{\"@type\":\"EntryPoint\",\"urlTemplate\":\"https:\\\/\\\/mood-colors.com\\\/?s={search_term_string}\"},\"query-input\":{\"@type\":\"PropertyValueSpecification\",\"valueRequired\":true,\"valueName\":\"search_term_string\"}}],\"inLanguage\":\"en-US\"},{\"@type\":\"Organization\",\"@id\":\"https:\\\/\\\/mood-colors.com\\\/#organization\",\"name\":\"Mood Colors\",\"url\":\"https:\\\/\\\/mood-colors.com\\\/\",\"logo\":{\"@type\":\"ImageObject\",\"inLanguage\":\"en-US\",\"@id\":\"https:\\\/\\\/mood-colors.com\\\/#\\\/schema\\\/logo\\\/image\\\/\",\"url\":\"https:\\\/\\\/mood-colors.com\\\/wp-content\\\/uploads\\\/2023\\\/06\\\/cropped-cropped-favicon-mood-colors.png\",\"contentUrl\":\"https:\\\/\\\/mood-colors.com\\\/wp-content\\\/uploads\\\/2023\\\/06\\\/cropped-cropped-favicon-mood-colors.png\",\"width\":500,\"height\":500,\"caption\":\"Mood Colors\"},\"image\":{\"@id\":\"https:\\\/\\\/mood-colors.com\\\/#\\\/schema\\\/logo\\\/image\\\/\"},\"sameAs\":[\"https:\\\/\\\/www.facebook.com\\\/profile.php?id=61551704345080\",\"https:\\\/\\\/instagram.com\\\/moodcolors.bcn\",\"https:\\\/\\\/www.tiktok.com\\\/@mood.colors.ceramica?_t=8jRI5rmEwOu&_r=1\"]}]}<\/script>\n<!-- \/ Yoast SEO plugin. -->","yoast_head_json":{"title":"\u2014 Taller pintura decorativa para muebles - Mood Colors","robots":{"index":"index","follow":"follow","max-snippet":"max-snippet:-1","max-image-preview":"max-image-preview:large","max-video-preview":"max-video-preview:-1"},"canonical":"https:\/\/mood-colors.com\/en\/product\/taller-pintura-decorativa-para-muebles\/","og_locale":"en_US","og_type":"article","og_title":"\u2014 Taller pintura decorativa para muebles - Mood Colors","og_description":"\u00bfQuieres darle una nueva vida a tus muebles y no sabes por donde empezar? Te invitamos a nuestros talleres presenciales donde podr\u00e1s aprender diversidad de t\u00e9cnicas muy sencillas que te permitir\u00e1n transformar tus muebles y tu hogar en un espacio muy especial y personal. Incluye: 3 horas de diversi\u00f3n 3 t\u00e9cnicas y muchos tips: pintaremos [&hellip;]","og_url":"https:\/\/mood-colors.com\/en\/product\/taller-pintura-decorativa-para-muebles\/","og_site_name":"Mood Colors","article_publisher":"https:\/\/www.facebook.com\/profile.php?id=61551704345080","article_modified_time":"2026-03-23T08:32:14+00:00","og_image":[{"width":730,"height":729,"url":"https:\/\/mood-colors.com\/wp-content\/uploads\/2025\/09\/pintura-decorativa-5.png","type":"image\/png"}],"twitter_card":"summary_large_image","twitter_misc":{"Est. reading time":"1 minute"},"schema":{"@context":"https:\/\/schema.org","@graph":[{"@type":"WebPage","@id":"https:\/\/mood-colors.com\/product\/taller-pintura-decorativa-para-muebles\/","url":"https:\/\/mood-colors.com\/product\/taller-pintura-decorativa-para-muebles\/","name":"\u2014 Taller pintura decorativa para muebles - Mood Colors","isPartOf":{"@id":"https:\/\/mood-colors.com\/#website"},"primaryImageOfPage":{"@id":"https:\/\/mood-colors.com\/product\/taller-pintura-decorativa-para-muebles\/#primaryimage"},"image":{"@id":"https:\/\/mood-colors.com\/product\/taller-pintura-decorativa-para-muebles\/#primaryimage"},"thumbnailUrl":"https:\/\/mood-colors.com\/wp-content\/uploads\/2025\/09\/pintura-decorativa-5.png","datePublished":"2025-09-19T11:53:48+00:00","dateModified":"2026-03-23T08:32:14+00:00","breadcrumb":{"@id":"https:\/\/mood-colors.com\/product\/taller-pintura-decorativa-para-muebles\/#breadcrumb"},"inLanguage":"en-US","potentialAction":[{"@type":"ReadAction","target":["https:\/\/mood-colors.com\/product\/taller-pintura-decorativa-para-muebles\/"]}]},{"@type":"ImageObject","inLanguage":"en-US","@id":"https:\/\/mood-colors.com\/product\/taller-pintura-decorativa-para-muebles\/#primaryimage","url":"https:\/\/mood-colors.com\/wp-content\/uploads\/2025\/09\/pintura-decorativa-5.png","contentUrl":"https:\/\/mood-colors.com\/wp-content\/uploads\/2025\/09\/pintura-decorativa-5.png","width":730,"height":729},{"@type":"BreadcrumbList","@id":"https:\/\/mood-colors.com\/product\/taller-pintura-decorativa-para-muebles\/#breadcrumb","itemListElement":[{"@type":"ListItem","position":1,"name":"Home","item":"https:\/\/mood-colors.com\/"},{"@type":"ListItem","position":2,"name":"Tienda","item":"https:\/\/mood-colors.com\/tienda\/"},{"@type":"ListItem","position":3,"name":"\u2014 Taller pintura decorativa para muebles"}]},{"@type":"WebSite","@id":"https:\/\/mood-colors.com\/#website","url":"https:\/\/mood-colors.com\/","name":"Mood Colors","description":"Ceramic painting workshop in Barcelona","publisher":{"@id":"https:\/\/mood-colors.com\/#organization"},"potentialAction":[{"@type":"SearchAction","target":{"@type":"EntryPoint","urlTemplate":"https:\/\/mood-colors.com\/?s={search_term_string}"},"query-input":{"@type":"PropertyValueSpecification","valueRequired":true,"valueName":"search_term_string"}}],"inLanguage":"en-US"},{"@type":"Organization","@id":"https:\/\/mood-colors.com\/#organization","name":"Mood Colors","url":"https:\/\/mood-colors.com\/","logo":{"@type":"ImageObject","inLanguage":"en-US","@id":"https:\/\/mood-colors.com\/#\/schema\/logo\/image\/","url":"https:\/\/mood-colors.com\/wp-content\/uploads\/2023\/06\/cropped-cropped-favicon-mood-colors.png","contentUrl":"https:\/\/mood-colors.com\/wp-content\/uploads\/2023\/06\/cropped-cropped-favicon-mood-colors.png","width":500,"height":500,"caption":"Mood Colors"},"image":{"@id":"https:\/\/mood-colors.com\/#\/schema\/logo\/image\/"},"sameAs":["https:\/\/www.facebook.com\/profile.php?id=61551704345080","https:\/\/instagram.com\/moodcolors.bcn","https:\/\/www.tiktok.com\/@mood.colors.ceramica?_t=8jRI5rmEwOu&_r=1"]}]}},"_links":{"self":[{"href":"https:\/\/mood-colors.com\/en\/wp-json\/wp\/v2\/product\/1713","targetHints":{"allow":["GET"]}}],"collection":[{"href":"https:\/\/mood-colors.com\/en\/wp-json\/wp\/v2\/product"}],"about":[{"href":"https:\/\/mood-colors.com\/en\/wp-json\/wp\/v2\/types\/product"}],"wp:featuredmedia":[{"embeddable":true,"href":"https:\/\/mood-colors.com\/en\/wp-json\/wp\/v2\/media\/1718"}],"wp:attachment":[{"href":"https:\/\/mood-colors.com\/en\/wp-json\/wp\/v2\/media?parent=1713"}],"wp:term":[{"taxonomy":"tipo-de-taller","embeddable":true,"href":"https:\/\/mood-colors.com\/en\/wp-json\/wp\/v2\/tipo-de-taller?post=1713"},{"taxonomy":"product_brand","embeddable":true,"href":"https:\/\/mood-colors.com\/en\/wp-json\/wp\/v2\/product_brand?post=1713"},{"taxonomy":"product_cat","embeddable":true,"href":"https:\/\/mood-colors.com\/en\/wp-json\/wp\/v2\/product_cat?post=1713"},{"taxonomy":"product_tag","embeddable":true,"href":"https:\/\/mood-colors.com\/en\/wp-json\/wp\/v2\/product_tag?post=1713"}],"curies":[{"name":"wp","href":"https:\/\/api.w.org\/{rel}","templated":true}]}}