{"id":1408,"date":"2025-07-14T13:53:09","date_gmt":"2025-07-14T11:53:09","guid":{"rendered":"https:\/\/mood-colors.com\/?post_type=product&#038;p=1408"},"modified":"2025-07-15T15:48:11","modified_gmt":"2025-07-15T13:48:11","slug":"taco-veteador-10cm","status":"publish","type":"product","link":"https:\/\/mood-colors.com\/en\/product\/taco-veteador-10cm\/","title":{"rendered":"Taco veteador 10cm"},"content":{"rendered":"<p>Nuestro\u00a0<strong>taco veteador de 10<\/strong><strong>\u202f<\/strong><strong>cm<\/strong>\u00a0es la herramienta perfecta para recrear el efecto visual de vetas de madera sobre superficies pintadas. Ideal para usar con nuestras pinturas decorativas, permite lograr un acabado r\u00fastico, vintage o natural de manera sencilla y efectiva.<\/p>\n<p>Fabricado en pl\u00e1stico resistente, su dise\u00f1o curvo y texturizado permite arrastrarlo con facilidad sobre la pintura fresca para\u00a0<strong>imitar las vetas naturales de la madera<\/strong>\u00a0con gran realismo.<\/p>","protected":false},"excerpt":{"rendered":"<p>Nuestro\u00a0taco veteador de 10\u202fcm\u00a0es la herramienta perfecta para recrear el efecto visual de vetas de madera sobre superficies pintadas. Ideal para usar con nuestras pinturas decorativas, permite lograr un acabado r\u00fastico, vintage o natural de manera sencilla y efectiva. Fabricado en pl\u00e1stico resistente, su dise\u00f1o curvo y texturizado permite arrastrarlo con facilidad sobre la pintura [&hellip;]<\/p>\n","protected":false},"featured_media":1606,"template":"","meta":{"_acf_changed":false},"tipo-de-taller":[],"product_brand":[],"product_cat":[53],"product_tag":[],"class_list":{"0":"post-1408","1":"product","2":"type-product","3":"status-publish","4":"has-post-thumbnail","6":"product_cat-herramientas","8":"first","9":"instock","10":"taxable","11":"shipping-taxable","12":"purchasable","13":"product-type-simple"},"acf":[],"yoast_head":"<!-- This site is optimized with the Yoast SEO plugin v27.3 - https:\/\/yoast.com\/product\/yoast-seo-wordpress\/ -->\n<title>Taco veteador 10cm - Mood Colors<\/title>\n<meta name=\"robots\" content=\"index, follow, max-snippet:-1, max-image-preview:large, max-video-preview:-1\" \/>\n<link rel=\"canonical\" href=\"https:\/\/mood-colors.com\/en\/product\/taco-veteador-10cm\/\" \/>\n<meta property=\"og:locale\" content=\"en_US\" \/>\n<meta property=\"og:type\" content=\"article\" \/>\n<meta property=\"og:title\" content=\"Taco veteador 10cm - Mood Colors\" \/>\n<meta property=\"og:description\" content=\"Nuestro\u00a0taco veteador de 10\u202fcm\u00a0es la herramienta perfecta para recrear el efecto visual de vetas de madera sobre superficies pintadas. Ideal para usar con nuestras pinturas decorativas, permite lograr un acabado r\u00fastico, vintage o natural de manera sencilla y efectiva. Fabricado en pl\u00e1stico resistente, su dise\u00f1o curvo y texturizado permite arrastrarlo con facilidad sobre la pintura [&hellip;]\" \/>\n<meta property=\"og:url\" content=\"https:\/\/mood-colors.com\/en\/product\/taco-veteador-10cm\/\" \/>\n<meta property=\"og:site_name\" content=\"Mood Colors\" \/>\n<meta property=\"article:publisher\" content=\"https:\/\/www.facebook.com\/profile.php?id=61551704345080\" \/>\n<meta property=\"article:modified_time\" content=\"2025-07-15T13:48:11+00:00\" \/>\n<meta property=\"og:image\" content=\"https:\/\/mood-colors.com\/wp-content\/uploads\/2025\/07\/taco_vetador.jpg\" \/>\n\t<meta property=\"og:image:width\" content=\"1000\" \/>\n\t<meta property=\"og:image:height\" content=\"1000\" \/>\n\t<meta property=\"og:image:type\" content=\"image\/jpeg\" \/>\n<meta name=\"twitter:card\" content=\"summary_large_image\" \/>\n<meta name=\"twitter:label1\" content=\"Est. reading time\" \/>\n\t<meta name=\"twitter:data1\" content=\"1 minute\" \/>\n<script type=\"application\/ld+json\" class=\"yoast-schema-graph\">{\"@context\":\"https:\\\/\\\/schema.org\",\"@graph\":[{\"@type\":\"WebPage\",\"@id\":\"https:\\\/\\\/mood-colors.com\\\/product\\\/taco-veteador-10cm\\\/\",\"url\":\"https:\\\/\\\/mood-colors.com\\\/product\\\/taco-veteador-10cm\\\/\",\"name\":\"Taco veteador 10cm - Mood Colors\",\"isPartOf\":{\"@id\":\"https:\\\/\\\/mood-colors.com\\\/#website\"},\"primaryImageOfPage\":{\"@id\":\"https:\\\/\\\/mood-colors.com\\\/product\\\/taco-veteador-10cm\\\/#primaryimage\"},\"image\":{\"@id\":\"https:\\\/\\\/mood-colors.com\\\/product\\\/taco-veteador-10cm\\\/#primaryimage\"},\"thumbnailUrl\":\"https:\\\/\\\/mood-colors.com\\\/wp-content\\\/uploads\\\/2025\\\/07\\\/taco_vetador.jpg\",\"datePublished\":\"2025-07-14T11:53:09+00:00\",\"dateModified\":\"2025-07-15T13:48:11+00:00\",\"breadcrumb\":{\"@id\":\"https:\\\/\\\/mood-colors.com\\\/product\\\/taco-veteador-10cm\\\/#breadcrumb\"},\"inLanguage\":\"en-US\",\"potentialAction\":[{\"@type\":\"ReadAction\",\"target\":[\"https:\\\/\\\/mood-colors.com\\\/product\\\/taco-veteador-10cm\\\/\"]}]},{\"@type\":\"ImageObject\",\"inLanguage\":\"en-US\",\"@id\":\"https:\\\/\\\/mood-colors.com\\\/product\\\/taco-veteador-10cm\\\/#primaryimage\",\"url\":\"https:\\\/\\\/mood-colors.com\\\/wp-content\\\/uploads\\\/2025\\\/07\\\/taco_vetador.jpg\",\"contentUrl\":\"https:\\\/\\\/mood-colors.com\\\/wp-content\\\/uploads\\\/2025\\\/07\\\/taco_vetador.jpg\",\"width\":1000,\"height\":1000},{\"@type\":\"BreadcrumbList\",\"@id\":\"https:\\\/\\\/mood-colors.com\\\/product\\\/taco-veteador-10cm\\\/#breadcrumb\",\"itemListElement\":[{\"@type\":\"ListItem\",\"position\":1,\"name\":\"Home\",\"item\":\"https:\\\/\\\/mood-colors.com\\\/\"},{\"@type\":\"ListItem\",\"position\":2,\"name\":\"Tienda\",\"item\":\"https:\\\/\\\/mood-colors.com\\\/tienda\\\/\"},{\"@type\":\"ListItem\",\"position\":3,\"name\":\"Taco veteador 10cm\"}]},{\"@type\":\"WebSite\",\"@id\":\"https:\\\/\\\/mood-colors.com\\\/#website\",\"url\":\"https:\\\/\\\/mood-colors.com\\\/\",\"name\":\"Mood Colors\",\"description\":\"Taller de pintura de cer\u00e1mica en Barcelona\",\"publisher\":{\"@id\":\"https:\\\/\\\/mood-colors.com\\\/#organization\"},\"potentialAction\":[{\"@type\":\"SearchAction\",\"target\":{\"@type\":\"EntryPoint\",\"urlTemplate\":\"https:\\\/\\\/mood-colors.com\\\/?s={search_term_string}\"},\"query-input\":{\"@type\":\"PropertyValueSpecification\",\"valueRequired\":true,\"valueName\":\"search_term_string\"}}],\"inLanguage\":\"en-US\"},{\"@type\":\"Organization\",\"@id\":\"https:\\\/\\\/mood-colors.com\\\/#organization\",\"name\":\"Mood Colors\",\"url\":\"https:\\\/\\\/mood-colors.com\\\/\",\"logo\":{\"@type\":\"ImageObject\",\"inLanguage\":\"en-US\",\"@id\":\"https:\\\/\\\/mood-colors.com\\\/#\\\/schema\\\/logo\\\/image\\\/\",\"url\":\"https:\\\/\\\/mood-colors.com\\\/wp-content\\\/uploads\\\/2023\\\/06\\\/cropped-cropped-favicon-mood-colors.png\",\"contentUrl\":\"https:\\\/\\\/mood-colors.com\\\/wp-content\\\/uploads\\\/2023\\\/06\\\/cropped-cropped-favicon-mood-colors.png\",\"width\":500,\"height\":500,\"caption\":\"Mood Colors\"},\"image\":{\"@id\":\"https:\\\/\\\/mood-colors.com\\\/#\\\/schema\\\/logo\\\/image\\\/\"},\"sameAs\":[\"https:\\\/\\\/www.facebook.com\\\/profile.php?id=61551704345080\",\"https:\\\/\\\/instagram.com\\\/moodcolors.bcn\",\"https:\\\/\\\/www.tiktok.com\\\/@mood.colors.ceramica?_t=8jRI5rmEwOu&_r=1\"]}]}<\/script>\n<!-- \/ Yoast SEO plugin. -->","yoast_head_json":{"title":"Taco veteador 10cm - Mood Colors","robots":{"index":"index","follow":"follow","max-snippet":"max-snippet:-1","max-image-preview":"max-image-preview:large","max-video-preview":"max-video-preview:-1"},"canonical":"https:\/\/mood-colors.com\/en\/product\/taco-veteador-10cm\/","og_locale":"en_US","og_type":"article","og_title":"Taco veteador 10cm - Mood Colors","og_description":"Nuestro\u00a0taco veteador de 10\u202fcm\u00a0es la herramienta perfecta para recrear el efecto visual de vetas de madera sobre superficies pintadas. Ideal para usar con nuestras pinturas decorativas, permite lograr un acabado r\u00fastico, vintage o natural de manera sencilla y efectiva. Fabricado en pl\u00e1stico resistente, su dise\u00f1o curvo y texturizado permite arrastrarlo con facilidad sobre la pintura [&hellip;]","og_url":"https:\/\/mood-colors.com\/en\/product\/taco-veteador-10cm\/","og_site_name":"Mood Colors","article_publisher":"https:\/\/www.facebook.com\/profile.php?id=61551704345080","article_modified_time":"2025-07-15T13:48:11+00:00","og_image":[{"width":1000,"height":1000,"url":"https:\/\/mood-colors.com\/wp-content\/uploads\/2025\/07\/taco_vetador.jpg","type":"image\/jpeg"}],"twitter_card":"summary_large_image","twitter_misc":{"Est. reading time":"1 minute"},"schema":{"@context":"https:\/\/schema.org","@graph":[{"@type":"WebPage","@id":"https:\/\/mood-colors.com\/product\/taco-veteador-10cm\/","url":"https:\/\/mood-colors.com\/product\/taco-veteador-10cm\/","name":"Taco veteador 10cm - Mood Colors","isPartOf":{"@id":"https:\/\/mood-colors.com\/#website"},"primaryImageOfPage":{"@id":"https:\/\/mood-colors.com\/product\/taco-veteador-10cm\/#primaryimage"},"image":{"@id":"https:\/\/mood-colors.com\/product\/taco-veteador-10cm\/#primaryimage"},"thumbnailUrl":"https:\/\/mood-colors.com\/wp-content\/uploads\/2025\/07\/taco_vetador.jpg","datePublished":"2025-07-14T11:53:09+00:00","dateModified":"2025-07-15T13:48:11+00:00","breadcrumb":{"@id":"https:\/\/mood-colors.com\/product\/taco-veteador-10cm\/#breadcrumb"},"inLanguage":"en-US","potentialAction":[{"@type":"ReadAction","target":["https:\/\/mood-colors.com\/product\/taco-veteador-10cm\/"]}]},{"@type":"ImageObject","inLanguage":"en-US","@id":"https:\/\/mood-colors.com\/product\/taco-veteador-10cm\/#primaryimage","url":"https:\/\/mood-colors.com\/wp-content\/uploads\/2025\/07\/taco_vetador.jpg","contentUrl":"https:\/\/mood-colors.com\/wp-content\/uploads\/2025\/07\/taco_vetador.jpg","width":1000,"height":1000},{"@type":"BreadcrumbList","@id":"https:\/\/mood-colors.com\/product\/taco-veteador-10cm\/#breadcrumb","itemListElement":[{"@type":"ListItem","position":1,"name":"Home","item":"https:\/\/mood-colors.com\/"},{"@type":"ListItem","position":2,"name":"Tienda","item":"https:\/\/mood-colors.com\/tienda\/"},{"@type":"ListItem","position":3,"name":"Taco veteador 10cm"}]},{"@type":"WebSite","@id":"https:\/\/mood-colors.com\/#website","url":"https:\/\/mood-colors.com\/","name":"Mood Colors","description":"Ceramic painting workshop in Barcelona","publisher":{"@id":"https:\/\/mood-colors.com\/#organization"},"potentialAction":[{"@type":"SearchAction","target":{"@type":"EntryPoint","urlTemplate":"https:\/\/mood-colors.com\/?s={search_term_string}"},"query-input":{"@type":"PropertyValueSpecification","valueRequired":true,"valueName":"search_term_string"}}],"inLanguage":"en-US"},{"@type":"Organization","@id":"https:\/\/mood-colors.com\/#organization","name":"Mood Colors","url":"https:\/\/mood-colors.com\/","logo":{"@type":"ImageObject","inLanguage":"en-US","@id":"https:\/\/mood-colors.com\/#\/schema\/logo\/image\/","url":"https:\/\/mood-colors.com\/wp-content\/uploads\/2023\/06\/cropped-cropped-favicon-mood-colors.png","contentUrl":"https:\/\/mood-colors.com\/wp-content\/uploads\/2023\/06\/cropped-cropped-favicon-mood-colors.png","width":500,"height":500,"caption":"Mood Colors"},"image":{"@id":"https:\/\/mood-colors.com\/#\/schema\/logo\/image\/"},"sameAs":["https:\/\/www.facebook.com\/profile.php?id=61551704345080","https:\/\/instagram.com\/moodcolors.bcn","https:\/\/www.tiktok.com\/@mood.colors.ceramica?_t=8jRI5rmEwOu&_r=1"]}]}},"_links":{"self":[{"href":"https:\/\/mood-colors.com\/en\/wp-json\/wp\/v2\/product\/1408","targetHints":{"allow":["GET"]}}],"collection":[{"href":"https:\/\/mood-colors.com\/en\/wp-json\/wp\/v2\/product"}],"about":[{"href":"https:\/\/mood-colors.com\/en\/wp-json\/wp\/v2\/types\/product"}],"wp:featuredmedia":[{"embeddable":true,"href":"https:\/\/mood-colors.com\/en\/wp-json\/wp\/v2\/media\/1606"}],"wp:attachment":[{"href":"https:\/\/mood-colors.com\/en\/wp-json\/wp\/v2\/media?parent=1408"}],"wp:term":[{"taxonomy":"tipo-de-taller","embeddable":true,"href":"https:\/\/mood-colors.com\/en\/wp-json\/wp\/v2\/tipo-de-taller?post=1408"},{"taxonomy":"product_brand","embeddable":true,"href":"https:\/\/mood-colors.com\/en\/wp-json\/wp\/v2\/product_brand?post=1408"},{"taxonomy":"product_cat","embeddable":true,"href":"https:\/\/mood-colors.com\/en\/wp-json\/wp\/v2\/product_cat?post=1408"},{"taxonomy":"product_tag","embeddable":true,"href":"https:\/\/mood-colors.com\/en\/wp-json\/wp\/v2\/product_tag?post=1408"}],"curies":[{"name":"wp","href":"https:\/\/api.w.org\/{rel}","templated":true}]}}