{"id":1393,"date":"2025-07-14T13:53:10","date_gmt":"2025-07-14T11:53:10","guid":{"rendered":"https:\/\/mood-colors.com\/?post_type=product&#038;p=1393"},"modified":"2026-04-09T17:46:08","modified_gmt":"2026-04-09T15:46:08","slug":"paletina-flow","status":"publish","type":"product","link":"https:\/\/mood-colors.com\/en\/product\/paletina-flow\/","title":{"rendered":"Paletina Flow"},"content":{"rendered":"<p><strong>Esta paletina de cerdas sint\u00e9ticas finas y suaves es perfecta para trabajar con pinturas chalk paint. Gracias a su suavidad y flexibilidad, permite una aplicaci\u00f3n uniforme y sin marcas, logrando un acabado liso y aterciopelado, caracter\u00edstico de la pintura a la tiza.<\/strong><\/p>\n<p>El mango ergon\u00f3mico ofrece un agarre c\u00f3modo incluso durante sesiones prolongadas, y su formato de 40mm la convierte en una herramienta vers\u00e1til, ideal tanto para superficies medianas como para detalles. F\u00e1cil de limpiar.<\/p>\n<p>Limpieza: limpia el exceso de pintura con una servilleta de papel, luego lava las cerdas solo con agua.<\/p>","protected":false},"excerpt":{"rendered":"<p>Esta paletina de cerdas sint\u00e9ticas finas y suaves es perfecta para trabajar con pinturas chalk paint. Gracias a su suavidad y flexibilidad, permite una aplicaci\u00f3n uniforme y sin marcas, logrando un acabado liso y aterciopelado, caracter\u00edstico de la pintura a la tiza. El mango ergon\u00f3mico ofrece un agarre c\u00f3modo incluso durante sesiones prolongadas, y su [&hellip;]<\/p>\n","protected":false},"featured_media":1617,"template":"","meta":{"_acf_changed":false},"tipo-de-taller":[],"product_brand":[],"product_cat":[53],"product_tag":[58],"class_list":{"0":"post-1393","1":"product","2":"type-product","3":"status-publish","4":"has-post-thumbnail","6":"product_cat-herramientas","7":"product_tag-basicos","9":"first","10":"instock","11":"taxable","12":"shipping-taxable","13":"purchasable","14":"product-type-variable","15":"rtwpvg-product"},"acf":[],"yoast_head":"<!-- This site is optimized with the Yoast SEO plugin v27.3 - https:\/\/yoast.com\/product\/yoast-seo-wordpress\/ -->\n<title>Paletina Flow - Mood Colors<\/title>\n<meta name=\"robots\" content=\"index, follow, max-snippet:-1, max-image-preview:large, max-video-preview:-1\" \/>\n<link rel=\"canonical\" href=\"https:\/\/mood-colors.com\/en\/product\/paletina-flow\/\" \/>\n<meta property=\"og:locale\" content=\"en_US\" \/>\n<meta property=\"og:type\" content=\"article\" \/>\n<meta property=\"og:title\" content=\"Paletina Flow - Mood Colors\" \/>\n<meta property=\"og:description\" content=\"Esta paletina de cerdas sint\u00e9ticas finas y suaves es perfecta para trabajar con pinturas chalk paint. Gracias a su suavidad y flexibilidad, permite una aplicaci\u00f3n uniforme y sin marcas, logrando un acabado liso y aterciopelado, caracter\u00edstico de la pintura a la tiza. El mango ergon\u00f3mico ofrece un agarre c\u00f3modo incluso durante sesiones prolongadas, y su [&hellip;]\" \/>\n<meta property=\"og:url\" content=\"https:\/\/mood-colors.com\/en\/product\/paletina-flow\/\" \/>\n<meta property=\"og:site_name\" content=\"Mood Colors\" \/>\n<meta property=\"article:publisher\" content=\"https:\/\/www.facebook.com\/profile.php?id=61551704345080\" \/>\n<meta property=\"article:modified_time\" content=\"2026-04-09T15:46:08+00:00\" \/>\n<meta property=\"og:image\" content=\"http:\/\/mood-colors.com\/wp-content\/uploads\/2025\/07\/paletina_flow.jpg\" \/>\n\t<meta property=\"og:image:width\" content=\"1000\" \/>\n\t<meta property=\"og:image:height\" content=\"1000\" \/>\n\t<meta property=\"og:image:type\" content=\"image\/jpeg\" \/>\n<meta name=\"twitter:card\" content=\"summary_large_image\" \/>\n<meta name=\"twitter:label1\" content=\"Est. reading time\" \/>\n\t<meta name=\"twitter:data1\" content=\"1 minute\" \/>\n<script type=\"application\/ld+json\" class=\"yoast-schema-graph\">{\"@context\":\"https:\\\/\\\/schema.org\",\"@graph\":[{\"@type\":\"WebPage\",\"@id\":\"https:\\\/\\\/mood-colors.com\\\/product\\\/paletina-flow\\\/\",\"url\":\"https:\\\/\\\/mood-colors.com\\\/product\\\/paletina-flow\\\/\",\"name\":\"Paletina Flow - Mood Colors\",\"isPartOf\":{\"@id\":\"https:\\\/\\\/mood-colors.com\\\/#website\"},\"primaryImageOfPage\":{\"@id\":\"https:\\\/\\\/mood-colors.com\\\/product\\\/paletina-flow\\\/#primaryimage\"},\"image\":{\"@id\":\"https:\\\/\\\/mood-colors.com\\\/product\\\/paletina-flow\\\/#primaryimage\"},\"thumbnailUrl\":\"https:\\\/\\\/mood-colors.com\\\/wp-content\\\/uploads\\\/2025\\\/07\\\/paletina_flow.jpg\",\"datePublished\":\"2025-07-14T11:53:10+00:00\",\"dateModified\":\"2026-04-09T15:46:08+00:00\",\"breadcrumb\":{\"@id\":\"https:\\\/\\\/mood-colors.com\\\/product\\\/paletina-flow\\\/#breadcrumb\"},\"inLanguage\":\"en-US\",\"potentialAction\":[{\"@type\":\"ReadAction\",\"target\":[\"https:\\\/\\\/mood-colors.com\\\/product\\\/paletina-flow\\\/\"]}]},{\"@type\":\"ImageObject\",\"inLanguage\":\"en-US\",\"@id\":\"https:\\\/\\\/mood-colors.com\\\/product\\\/paletina-flow\\\/#primaryimage\",\"url\":\"https:\\\/\\\/mood-colors.com\\\/wp-content\\\/uploads\\\/2025\\\/07\\\/paletina_flow.jpg\",\"contentUrl\":\"https:\\\/\\\/mood-colors.com\\\/wp-content\\\/uploads\\\/2025\\\/07\\\/paletina_flow.jpg\",\"width\":1000,\"height\":1000},{\"@type\":\"BreadcrumbList\",\"@id\":\"https:\\\/\\\/mood-colors.com\\\/product\\\/paletina-flow\\\/#breadcrumb\",\"itemListElement\":[{\"@type\":\"ListItem\",\"position\":1,\"name\":\"Home\",\"item\":\"https:\\\/\\\/mood-colors.com\\\/\"},{\"@type\":\"ListItem\",\"position\":2,\"name\":\"Tienda\",\"item\":\"https:\\\/\\\/mood-colors.com\\\/tienda\\\/\"},{\"@type\":\"ListItem\",\"position\":3,\"name\":\"Paletina Flow\"}]},{\"@type\":\"WebSite\",\"@id\":\"https:\\\/\\\/mood-colors.com\\\/#website\",\"url\":\"https:\\\/\\\/mood-colors.com\\\/\",\"name\":\"Mood Colors\",\"description\":\"Taller de pintura de cer\u00e1mica en Barcelona\",\"publisher\":{\"@id\":\"https:\\\/\\\/mood-colors.com\\\/#organization\"},\"potentialAction\":[{\"@type\":\"SearchAction\",\"target\":{\"@type\":\"EntryPoint\",\"urlTemplate\":\"https:\\\/\\\/mood-colors.com\\\/?s={search_term_string}\"},\"query-input\":{\"@type\":\"PropertyValueSpecification\",\"valueRequired\":true,\"valueName\":\"search_term_string\"}}],\"inLanguage\":\"en-US\"},{\"@type\":\"Organization\",\"@id\":\"https:\\\/\\\/mood-colors.com\\\/#organization\",\"name\":\"Mood Colors\",\"url\":\"https:\\\/\\\/mood-colors.com\\\/\",\"logo\":{\"@type\":\"ImageObject\",\"inLanguage\":\"en-US\",\"@id\":\"https:\\\/\\\/mood-colors.com\\\/#\\\/schema\\\/logo\\\/image\\\/\",\"url\":\"https:\\\/\\\/mood-colors.com\\\/wp-content\\\/uploads\\\/2023\\\/06\\\/cropped-cropped-favicon-mood-colors.png\",\"contentUrl\":\"https:\\\/\\\/mood-colors.com\\\/wp-content\\\/uploads\\\/2023\\\/06\\\/cropped-cropped-favicon-mood-colors.png\",\"width\":500,\"height\":500,\"caption\":\"Mood Colors\"},\"image\":{\"@id\":\"https:\\\/\\\/mood-colors.com\\\/#\\\/schema\\\/logo\\\/image\\\/\"},\"sameAs\":[\"https:\\\/\\\/www.facebook.com\\\/profile.php?id=61551704345080\",\"https:\\\/\\\/instagram.com\\\/moodcolors.bcn\",\"https:\\\/\\\/www.tiktok.com\\\/@mood.colors.ceramica?_t=8jRI5rmEwOu&_r=1\"]}]}<\/script>\n<!-- \/ Yoast SEO plugin. -->","yoast_head_json":{"title":"Paletina Flow - Mood Colors","robots":{"index":"index","follow":"follow","max-snippet":"max-snippet:-1","max-image-preview":"max-image-preview:large","max-video-preview":"max-video-preview:-1"},"canonical":"https:\/\/mood-colors.com\/en\/product\/paletina-flow\/","og_locale":"en_US","og_type":"article","og_title":"Paletina Flow - Mood Colors","og_description":"Esta paletina de cerdas sint\u00e9ticas finas y suaves es perfecta para trabajar con pinturas chalk paint. Gracias a su suavidad y flexibilidad, permite una aplicaci\u00f3n uniforme y sin marcas, logrando un acabado liso y aterciopelado, caracter\u00edstico de la pintura a la tiza. El mango ergon\u00f3mico ofrece un agarre c\u00f3modo incluso durante sesiones prolongadas, y su [&hellip;]","og_url":"https:\/\/mood-colors.com\/en\/product\/paletina-flow\/","og_site_name":"Mood Colors","article_publisher":"https:\/\/www.facebook.com\/profile.php?id=61551704345080","article_modified_time":"2026-04-09T15:46:08+00:00","og_image":[{"width":1000,"height":1000,"url":"http:\/\/mood-colors.com\/wp-content\/uploads\/2025\/07\/paletina_flow.jpg","type":"image\/jpeg"}],"twitter_card":"summary_large_image","twitter_misc":{"Est. reading time":"1 minute"},"schema":{"@context":"https:\/\/schema.org","@graph":[{"@type":"WebPage","@id":"https:\/\/mood-colors.com\/product\/paletina-flow\/","url":"https:\/\/mood-colors.com\/product\/paletina-flow\/","name":"Paletina Flow - Mood Colors","isPartOf":{"@id":"https:\/\/mood-colors.com\/#website"},"primaryImageOfPage":{"@id":"https:\/\/mood-colors.com\/product\/paletina-flow\/#primaryimage"},"image":{"@id":"https:\/\/mood-colors.com\/product\/paletina-flow\/#primaryimage"},"thumbnailUrl":"https:\/\/mood-colors.com\/wp-content\/uploads\/2025\/07\/paletina_flow.jpg","datePublished":"2025-07-14T11:53:10+00:00","dateModified":"2026-04-09T15:46:08+00:00","breadcrumb":{"@id":"https:\/\/mood-colors.com\/product\/paletina-flow\/#breadcrumb"},"inLanguage":"en-US","potentialAction":[{"@type":"ReadAction","target":["https:\/\/mood-colors.com\/product\/paletina-flow\/"]}]},{"@type":"ImageObject","inLanguage":"en-US","@id":"https:\/\/mood-colors.com\/product\/paletina-flow\/#primaryimage","url":"https:\/\/mood-colors.com\/wp-content\/uploads\/2025\/07\/paletina_flow.jpg","contentUrl":"https:\/\/mood-colors.com\/wp-content\/uploads\/2025\/07\/paletina_flow.jpg","width":1000,"height":1000},{"@type":"BreadcrumbList","@id":"https:\/\/mood-colors.com\/product\/paletina-flow\/#breadcrumb","itemListElement":[{"@type":"ListItem","position":1,"name":"Home","item":"https:\/\/mood-colors.com\/"},{"@type":"ListItem","position":2,"name":"Tienda","item":"https:\/\/mood-colors.com\/tienda\/"},{"@type":"ListItem","position":3,"name":"Paletina Flow"}]},{"@type":"WebSite","@id":"https:\/\/mood-colors.com\/#website","url":"https:\/\/mood-colors.com\/","name":"Mood Colors","description":"Ceramic painting workshop in Barcelona","publisher":{"@id":"https:\/\/mood-colors.com\/#organization"},"potentialAction":[{"@type":"SearchAction","target":{"@type":"EntryPoint","urlTemplate":"https:\/\/mood-colors.com\/?s={search_term_string}"},"query-input":{"@type":"PropertyValueSpecification","valueRequired":true,"valueName":"search_term_string"}}],"inLanguage":"en-US"},{"@type":"Organization","@id":"https:\/\/mood-colors.com\/#organization","name":"Mood Colors","url":"https:\/\/mood-colors.com\/","logo":{"@type":"ImageObject","inLanguage":"en-US","@id":"https:\/\/mood-colors.com\/#\/schema\/logo\/image\/","url":"https:\/\/mood-colors.com\/wp-content\/uploads\/2023\/06\/cropped-cropped-favicon-mood-colors.png","contentUrl":"https:\/\/mood-colors.com\/wp-content\/uploads\/2023\/06\/cropped-cropped-favicon-mood-colors.png","width":500,"height":500,"caption":"Mood Colors"},"image":{"@id":"https:\/\/mood-colors.com\/#\/schema\/logo\/image\/"},"sameAs":["https:\/\/www.facebook.com\/profile.php?id=61551704345080","https:\/\/instagram.com\/moodcolors.bcn","https:\/\/www.tiktok.com\/@mood.colors.ceramica?_t=8jRI5rmEwOu&_r=1"]}]}},"_links":{"self":[{"href":"https:\/\/mood-colors.com\/en\/wp-json\/wp\/v2\/product\/1393","targetHints":{"allow":["GET"]}}],"collection":[{"href":"https:\/\/mood-colors.com\/en\/wp-json\/wp\/v2\/product"}],"about":[{"href":"https:\/\/mood-colors.com\/en\/wp-json\/wp\/v2\/types\/product"}],"wp:featuredmedia":[{"embeddable":true,"href":"https:\/\/mood-colors.com\/en\/wp-json\/wp\/v2\/media\/1617"}],"wp:attachment":[{"href":"https:\/\/mood-colors.com\/en\/wp-json\/wp\/v2\/media?parent=1393"}],"wp:term":[{"taxonomy":"tipo-de-taller","embeddable":true,"href":"https:\/\/mood-colors.com\/en\/wp-json\/wp\/v2\/tipo-de-taller?post=1393"},{"taxonomy":"product_brand","embeddable":true,"href":"https:\/\/mood-colors.com\/en\/wp-json\/wp\/v2\/product_brand?post=1393"},{"taxonomy":"product_cat","embeddable":true,"href":"https:\/\/mood-colors.com\/en\/wp-json\/wp\/v2\/product_cat?post=1393"},{"taxonomy":"product_tag","embeddable":true,"href":"https:\/\/mood-colors.com\/en\/wp-json\/wp\/v2\/product_tag?post=1393"}],"curies":[{"name":"wp","href":"https:\/\/api.w.org\/{rel}","templated":true}]}}