{"id":626,"date":"2024-06-25T09:43:52","date_gmt":"2024-06-25T07:43:52","guid":{"rendered":"https:\/\/mood-colors.com\/?page_id=626"},"modified":"2025-06-09T17:41:04","modified_gmt":"2025-06-09T15:41:04","slug":"pack-pinta-en-casa","status":"publish","type":"page","link":"https:\/\/mood-colors.com\/en\/pack-pinta-en-casa\/","title":{"rendered":"Paint at Home Pack"},"content":{"rendered":"","protected":false},"excerpt":{"rendered":"","protected":false},"author":2,"featured_media":0,"parent":0,"menu_order":0,"comment_status":"closed","ping_status":"closed","template":"","meta":{"_acf_changed":false,"footnotes":""},"class_list":["post-626","page","type-page","status-publish","hentry"],"acf":[],"yoast_head":"<!-- This site is optimized with the Yoast SEO plugin v27.3 - https:\/\/yoast.com\/product\/yoast-seo-wordpress\/ -->\n<title>Pinta cer\u00e1mica en casa<\/title>\n<meta name=\"description\" content=\"Pinta cer\u00e1mica en casa con el pack pinta en casa, puedes pintar tu propia cer\u00e1mica en la comodidad de tu hogar.\" \/>\n<meta name=\"robots\" content=\"index, follow, max-snippet:-1, max-image-preview:large, max-video-preview:-1\" \/>\n<link rel=\"canonical\" href=\"https:\/\/mood-colors.com\/en\/pack-pinta-en-casa\/\" \/>\n<meta property=\"og:locale\" content=\"en_US\" \/>\n<meta property=\"og:type\" content=\"article\" \/>\n<meta property=\"og:title\" content=\"Pinta cer\u00e1mica en casa\" \/>\n<meta property=\"og:description\" content=\"Pinta cer\u00e1mica en casa con el pack pinta en casa, puedes pintar tu propia cer\u00e1mica en la comodidad de tu hogar.\" \/>\n<meta property=\"og:url\" content=\"https:\/\/mood-colors.com\/en\/pack-pinta-en-casa\/\" \/>\n<meta property=\"og:site_name\" content=\"Mood Colors\" \/>\n<meta property=\"article:publisher\" content=\"https:\/\/www.facebook.com\/profile.php?id=61551704345080\" \/>\n<meta property=\"article:modified_time\" content=\"2025-06-09T15:41:04+00:00\" \/>\n<meta name=\"twitter:card\" content=\"summary_large_image\" \/>\n<meta name=\"twitter:label1\" content=\"Est. reading time\" \/>\n\t<meta name=\"twitter:data1\" content=\"2 minutes\" \/>\n<script type=\"application\/ld+json\" class=\"yoast-schema-graph\">{\"@context\":\"https:\\\/\\\/schema.org\",\"@graph\":[{\"@type\":\"WebPage\",\"@id\":\"https:\\\/\\\/mood-colors.com\\\/pack-pinta-en-casa\\\/\",\"url\":\"https:\\\/\\\/mood-colors.com\\\/pack-pinta-en-casa\\\/\",\"name\":\"Pinta cer\u00e1mica en casa\",\"isPartOf\":{\"@id\":\"https:\\\/\\\/mood-colors.com\\\/#website\"},\"datePublished\":\"2024-06-25T07:43:52+00:00\",\"dateModified\":\"2025-06-09T15:41:04+00:00\",\"description\":\"Pinta cer\u00e1mica en casa con el pack pinta en casa, puedes pintar tu propia cer\u00e1mica en la comodidad de tu hogar.\",\"breadcrumb\":{\"@id\":\"https:\\\/\\\/mood-colors.com\\\/pack-pinta-en-casa\\\/#breadcrumb\"},\"inLanguage\":\"en-US\",\"potentialAction\":[{\"@type\":\"ReadAction\",\"target\":[\"https:\\\/\\\/mood-colors.com\\\/pack-pinta-en-casa\\\/\"]}]},{\"@type\":\"BreadcrumbList\",\"@id\":\"https:\\\/\\\/mood-colors.com\\\/pack-pinta-en-casa\\\/#breadcrumb\",\"itemListElement\":[{\"@type\":\"ListItem\",\"position\":1,\"name\":\"Home\",\"item\":\"https:\\\/\\\/mood-colors.com\\\/\"},{\"@type\":\"ListItem\",\"position\":2,\"name\":\"Pack Pinta en Casa\"}]},{\"@type\":\"WebSite\",\"@id\":\"https:\\\/\\\/mood-colors.com\\\/#website\",\"url\":\"https:\\\/\\\/mood-colors.com\\\/\",\"name\":\"Mood Colors\",\"description\":\"Taller de pintura de cer\u00e1mica en Barcelona\",\"publisher\":{\"@id\":\"https:\\\/\\\/mood-colors.com\\\/#organization\"},\"potentialAction\":[{\"@type\":\"SearchAction\",\"target\":{\"@type\":\"EntryPoint\",\"urlTemplate\":\"https:\\\/\\\/mood-colors.com\\\/?s={search_term_string}\"},\"query-input\":{\"@type\":\"PropertyValueSpecification\",\"valueRequired\":true,\"valueName\":\"search_term_string\"}}],\"inLanguage\":\"en-US\"},{\"@type\":\"Organization\",\"@id\":\"https:\\\/\\\/mood-colors.com\\\/#organization\",\"name\":\"Mood Colors\",\"url\":\"https:\\\/\\\/mood-colors.com\\\/\",\"logo\":{\"@type\":\"ImageObject\",\"inLanguage\":\"en-US\",\"@id\":\"https:\\\/\\\/mood-colors.com\\\/#\\\/schema\\\/logo\\\/image\\\/\",\"url\":\"https:\\\/\\\/mood-colors.com\\\/wp-content\\\/uploads\\\/2023\\\/06\\\/cropped-cropped-favicon-mood-colors.png\",\"contentUrl\":\"https:\\\/\\\/mood-colors.com\\\/wp-content\\\/uploads\\\/2023\\\/06\\\/cropped-cropped-favicon-mood-colors.png\",\"width\":500,\"height\":500,\"caption\":\"Mood Colors\"},\"image\":{\"@id\":\"https:\\\/\\\/mood-colors.com\\\/#\\\/schema\\\/logo\\\/image\\\/\"},\"sameAs\":[\"https:\\\/\\\/www.facebook.com\\\/profile.php?id=61551704345080\",\"https:\\\/\\\/instagram.com\\\/moodcolors.bcn\",\"https:\\\/\\\/www.tiktok.com\\\/@mood.colors.ceramica?_t=8jRI5rmEwOu&_r=1\"]}]}<\/script>\n<!-- \/ Yoast SEO plugin. -->","yoast_head_json":{"title":"Pinta cer\u00e1mica en casa","description":"Pinta cer\u00e1mica en casa con el pack pinta en casa, puedes pintar tu propia cer\u00e1mica en la comodidad de tu hogar.","robots":{"index":"index","follow":"follow","max-snippet":"max-snippet:-1","max-image-preview":"max-image-preview:large","max-video-preview":"max-video-preview:-1"},"canonical":"https:\/\/mood-colors.com\/en\/pack-pinta-en-casa\/","og_locale":"en_US","og_type":"article","og_title":"Pinta cer\u00e1mica en casa","og_description":"Pinta cer\u00e1mica en casa con el pack pinta en casa, puedes pintar tu propia cer\u00e1mica en la comodidad de tu hogar.","og_url":"https:\/\/mood-colors.com\/en\/pack-pinta-en-casa\/","og_site_name":"Mood Colors","article_publisher":"https:\/\/www.facebook.com\/profile.php?id=61551704345080","article_modified_time":"2025-06-09T15:41:04+00:00","twitter_card":"summary_large_image","twitter_misc":{"Est. reading time":"2 minutes"},"schema":{"@context":"https:\/\/schema.org","@graph":[{"@type":"WebPage","@id":"https:\/\/mood-colors.com\/pack-pinta-en-casa\/","url":"https:\/\/mood-colors.com\/pack-pinta-en-casa\/","name":"Pinta cer\u00e1mica en casa","isPartOf":{"@id":"https:\/\/mood-colors.com\/#website"},"datePublished":"2024-06-25T07:43:52+00:00","dateModified":"2025-06-09T15:41:04+00:00","description":"Pinta cer\u00e1mica en casa con el pack pinta en casa, puedes pintar tu propia cer\u00e1mica en la comodidad de tu hogar.","breadcrumb":{"@id":"https:\/\/mood-colors.com\/pack-pinta-en-casa\/#breadcrumb"},"inLanguage":"en-US","potentialAction":[{"@type":"ReadAction","target":["https:\/\/mood-colors.com\/pack-pinta-en-casa\/"]}]},{"@type":"BreadcrumbList","@id":"https:\/\/mood-colors.com\/pack-pinta-en-casa\/#breadcrumb","itemListElement":[{"@type":"ListItem","position":1,"name":"Home","item":"https:\/\/mood-colors.com\/"},{"@type":"ListItem","position":2,"name":"Pack Pinta en Casa"}]},{"@type":"WebSite","@id":"https:\/\/mood-colors.com\/#website","url":"https:\/\/mood-colors.com\/","name":"Mood Colors","description":"Ceramic painting workshop in Barcelona","publisher":{"@id":"https:\/\/mood-colors.com\/#organization"},"potentialAction":[{"@type":"SearchAction","target":{"@type":"EntryPoint","urlTemplate":"https:\/\/mood-colors.com\/?s={search_term_string}"},"query-input":{"@type":"PropertyValueSpecification","valueRequired":true,"valueName":"search_term_string"}}],"inLanguage":"en-US"},{"@type":"Organization","@id":"https:\/\/mood-colors.com\/#organization","name":"Mood Colors","url":"https:\/\/mood-colors.com\/","logo":{"@type":"ImageObject","inLanguage":"en-US","@id":"https:\/\/mood-colors.com\/#\/schema\/logo\/image\/","url":"https:\/\/mood-colors.com\/wp-content\/uploads\/2023\/06\/cropped-cropped-favicon-mood-colors.png","contentUrl":"https:\/\/mood-colors.com\/wp-content\/uploads\/2023\/06\/cropped-cropped-favicon-mood-colors.png","width":500,"height":500,"caption":"Mood Colors"},"image":{"@id":"https:\/\/mood-colors.com\/#\/schema\/logo\/image\/"},"sameAs":["https:\/\/www.facebook.com\/profile.php?id=61551704345080","https:\/\/instagram.com\/moodcolors.bcn","https:\/\/www.tiktok.com\/@mood.colors.ceramica?_t=8jRI5rmEwOu&_r=1"]}]}},"_links":{"self":[{"href":"https:\/\/mood-colors.com\/en\/wp-json\/wp\/v2\/pages\/626","targetHints":{"allow":["GET"]}}],"collection":[{"href":"https:\/\/mood-colors.com\/en\/wp-json\/wp\/v2\/pages"}],"about":[{"href":"https:\/\/mood-colors.com\/en\/wp-json\/wp\/v2\/types\/page"}],"author":[{"embeddable":true,"href":"https:\/\/mood-colors.com\/en\/wp-json\/wp\/v2\/users\/2"}],"replies":[{"embeddable":true,"href":"https:\/\/mood-colors.com\/en\/wp-json\/wp\/v2\/comments?post=626"}],"version-history":[{"count":1,"href":"https:\/\/mood-colors.com\/en\/wp-json\/wp\/v2\/pages\/626\/revisions"}],"predecessor-version":[{"id":627,"href":"https:\/\/mood-colors.com\/en\/wp-json\/wp\/v2\/pages\/626\/revisions\/627"}],"wp:attachment":[{"href":"https:\/\/mood-colors.com\/en\/wp-json\/wp\/v2\/media?parent=626"}],"curies":[{"name":"wp","href":"https:\/\/api.w.org\/{rel}","templated":true}]}}