{"id":930,"date":"2024-12-12T16:25:20","date_gmt":"2024-12-12T15:25:20","guid":{"rendered":"https:\/\/mood-colors.com\/?post_type=product&#038;p=930"},"modified":"2026-03-23T15:53:43","modified_gmt":"2026-03-23T14:53:43","slug":"casales-creativos","status":"publish","type":"product","link":"https:\/\/mood-colors.com\/ca\/product\/casales-creativos\/","title":{"rendered":"\u2014 Casals Creatius"},"content":{"rendered":"<p><strong>Desde el 30 de Marzo hasta el 2 de Abril<\/strong><br \/>\n<strong>Hora:<\/strong> 11:00h, sessi\u00f3 de 2 hores. Nom\u00e9s de Dilluns a Dijous.<br \/>\n<strong>Edat m\u00ednima:<\/strong> 9 anys<\/p>\n<p><a href=\"https:\/\/mood-colors.com\/ca\/product\/pack-casales-creativos\/\">Compra un pack de 4 casales a un precio especial aqu\u00ed.<\/a><\/p>\n<ul>\n<li><strong>Dilluns:<\/strong> Cintes i adhesius<\/li>\n<li><strong>Dimarts:<\/strong> Segells i Esponja<\/li>\n<li><strong>Dimecres:<\/strong> Plantilles i Marmoleado<\/li>\n<li><strong>Dijous:<\/strong> Transici\u00f3 de colors<\/li>\n<\/ul>\n<p>Estem emocionats de rebre els teus fills als nostres Casals Creatius a Mood Colors, dissenyats especialment per despertar la seva creativitat i el talent art\u00edstic.<\/p>\n<p>Desenvolupament d\u2019habilitats: Fomentem la creativitat, la concentraci\u00f3 i la paci\u00e8ncia a trav\u00e9s de l\u2019art.<\/p>\n<p>Cada d\u00eda aprender\u00e1n nuevas t\u00e9cnicas. Incluye merienda de galletas y Cacaolat, adem\u00e1s incluye dos piezas de cer\u00e1mica preseleccionadas y t\u00e9cnicas diferentes cada d\u00eda de la semana.<\/p>","protected":false},"excerpt":{"rendered":"<p>Desde el 30 de Marzo hasta el 2 de Abril Hora: 11:00h, sesi\u00f3n de 2 horas. Solo de Lunes a Jueves. Edad m\u00ednima: 9 a\u00f1os Compra un pack de 4 casales a un precio especial aqu\u00ed. Lunes: Cintas y pegatinas Martes: Sellos y Esponja Mi\u00e9rcoles: Plantillas y Marmoleado Jueves: Burbujas y transici\u00f3n de color Estamos [&hellip;]<\/p>\n","protected":false},"featured_media":821,"template":"","meta":{"_acf_changed":false},"tipo-de-taller":[],"product_brand":[],"product_cat":[30],"product_tag":[],"class_list":{"0":"post-930","1":"product","2":"type-product","3":"status-publish","4":"has-post-thumbnail","6":"product_cat-talleres","7":"product_shipping_class-free-shipping","9":"first","10":"instock","11":"taxable","12":"shipping-taxable","13":"purchasable","14":"product-type-variable","15":"rtwpvg-product"},"acf":[],"yoast_head":"<!-- This site is optimized with the Yoast SEO plugin v27.2 - https:\/\/yoast.com\/product\/yoast-seo-wordpress\/ -->\n<title>Casales Creativos - Mood Colors<\/title>\n<meta name=\"description\" content=\"Estamos emocionados de recibir a tus hijos en nuestros Casales Creativos en Mood Colors, dise\u00f1ados especialmente para despertar su creatividad y el talento art\u00edstico.\" \/>\n<meta name=\"robots\" content=\"index, follow, max-snippet:-1, max-image-preview:large, max-video-preview:-1\" \/>\n<link rel=\"canonical\" href=\"https:\/\/mood-colors.com\/ca\/product\/casales-creativos\/\" \/>\n<meta property=\"og:locale\" content=\"ca_ES\" \/>\n<meta property=\"og:type\" content=\"article\" \/>\n<meta property=\"og:title\" content=\"Casales Creativos - Mood Colors\" \/>\n<meta property=\"og:description\" content=\"Estamos emocionados de recibir a tus hijos en nuestros Casales Creativos en Mood Colors, dise\u00f1ados especialmente para despertar su creatividad y el talento art\u00edstico.\" \/>\n<meta property=\"og:url\" content=\"https:\/\/mood-colors.com\/ca\/product\/casales-creativos\/\" \/>\n<meta property=\"og:site_name\" content=\"Mood Colors\" \/>\n<meta property=\"article:publisher\" content=\"https:\/\/www.facebook.com\/profile.php?id=61551704345080\" \/>\n<meta property=\"article:modified_time\" content=\"2026-03-23T14:53:43+00:00\" \/>\n<meta property=\"og:image\" content=\"https:\/\/mood-colors.com\/wp-content\/uploads\/2024\/10\/Casales-creativos-2.png\" \/>\n\t<meta property=\"og:image:width\" content=\"810\" \/>\n\t<meta property=\"og:image:height\" content=\"810\" \/>\n\t<meta property=\"og:image:type\" content=\"image\/png\" \/>\n<meta name=\"twitter:card\" content=\"summary_large_image\" \/>\n<meta name=\"twitter:label1\" content=\"Temps estimat de lectura\" \/>\n\t<meta name=\"twitter:data1\" content=\"1 minut\" \/>\n<script type=\"application\/ld+json\" class=\"yoast-schema-graph\">{\"@context\":\"https:\/\/schema.org\",\"@graph\":[{\"@type\":\"WebPage\",\"@id\":\"https:\/\/mood-colors.com\/product\/casales-creativos\/\",\"url\":\"https:\/\/mood-colors.com\/product\/casales-creativos\/\",\"name\":\"Casales Creativos - Mood Colors\",\"isPartOf\":{\"@id\":\"https:\/\/mood-colors.com\/#website\"},\"primaryImageOfPage\":{\"@id\":\"https:\/\/mood-colors.com\/product\/casales-creativos\/#primaryimage\"},\"image\":{\"@id\":\"https:\/\/mood-colors.com\/product\/casales-creativos\/#primaryimage\"},\"thumbnailUrl\":\"https:\/\/mood-colors.com\/wp-content\/uploads\/2024\/10\/Casales-creativos-2.png\",\"datePublished\":\"2024-12-12T15:25:20+00:00\",\"dateModified\":\"2026-03-23T14:53:43+00:00\",\"description\":\"Estamos emocionados de recibir a tus hijos en nuestros Casales Creativos en Mood Colors, dise\u00f1ados especialmente para despertar su creatividad y el talento art\u00edstico.\",\"breadcrumb\":{\"@id\":\"https:\/\/mood-colors.com\/product\/casales-creativos\/#breadcrumb\"},\"inLanguage\":\"ca\",\"potentialAction\":[{\"@type\":\"ReadAction\",\"target\":[\"https:\/\/mood-colors.com\/product\/casales-creativos\/\"]}]},{\"@type\":\"ImageObject\",\"inLanguage\":\"ca\",\"@id\":\"https:\/\/mood-colors.com\/product\/casales-creativos\/#primaryimage\",\"url\":\"https:\/\/mood-colors.com\/wp-content\/uploads\/2024\/10\/Casales-creativos-2.png\",\"contentUrl\":\"https:\/\/mood-colors.com\/wp-content\/uploads\/2024\/10\/Casales-creativos-2.png\",\"width\":810,\"height\":810,\"caption\":\"Ni\u00f1os participando en un casal creativo pintando cer\u00e1mica en Mood Colors\"},{\"@type\":\"BreadcrumbList\",\"@id\":\"https:\/\/mood-colors.com\/product\/casales-creativos\/#breadcrumb\",\"itemListElement\":[{\"@type\":\"ListItem\",\"position\":1,\"name\":\"Home\",\"item\":\"https:\/\/mood-colors.com\/\"},{\"@type\":\"ListItem\",\"position\":2,\"name\":\"Tienda\",\"item\":\"https:\/\/mood-colors.com\/tienda\/\"},{\"@type\":\"ListItem\",\"position\":3,\"name\":\"\u2014 Casales Creativos\"}]},{\"@type\":\"WebSite\",\"@id\":\"https:\/\/mood-colors.com\/#website\",\"url\":\"https:\/\/mood-colors.com\/\",\"name\":\"Mood Colors\",\"description\":\"Taller de pintura de cer\u00e1mica en Barcelona\",\"publisher\":{\"@id\":\"https:\/\/mood-colors.com\/#organization\"},\"potentialAction\":[{\"@type\":\"SearchAction\",\"target\":{\"@type\":\"EntryPoint\",\"urlTemplate\":\"https:\/\/mood-colors.com\/?s={search_term_string}\"},\"query-input\":{\"@type\":\"PropertyValueSpecification\",\"valueRequired\":true,\"valueName\":\"search_term_string\"}}],\"inLanguage\":\"ca\"},{\"@type\":\"Organization\",\"@id\":\"https:\/\/mood-colors.com\/#organization\",\"name\":\"Mood Colors\",\"url\":\"https:\/\/mood-colors.com\/\",\"logo\":{\"@type\":\"ImageObject\",\"inLanguage\":\"ca\",\"@id\":\"https:\/\/mood-colors.com\/#\/schema\/logo\/image\/\",\"url\":\"https:\/\/mood-colors.com\/wp-content\/uploads\/2023\/06\/cropped-cropped-favicon-mood-colors.png\",\"contentUrl\":\"https:\/\/mood-colors.com\/wp-content\/uploads\/2023\/06\/cropped-cropped-favicon-mood-colors.png\",\"width\":500,\"height\":500,\"caption\":\"Mood Colors\"},\"image\":{\"@id\":\"https:\/\/mood-colors.com\/#\/schema\/logo\/image\/\"},\"sameAs\":[\"https:\/\/www.facebook.com\/profile.php?id=61551704345080\",\"https:\/\/instagram.com\/moodcolors.bcn\",\"https:\/\/www.tiktok.com\/@mood.colors.ceramica?_t=8jRI5rmEwOu&_r=1\"]}]}<\/script>\n<!-- \/ Yoast SEO plugin. -->","yoast_head_json":{"title":"Casales Creativos - Mood Colors","description":"Estem emocionats de rebre els teus fills als nostres Casals Creatius a Mood Colors, dissenyats especialment per despertar la seva creativitat i el talent art\u00edstic.","robots":{"index":"index","follow":"follow","max-snippet":"max-snippet:-1","max-image-preview":"max-image-preview:large","max-video-preview":"max-video-preview:-1"},"canonical":"https:\/\/mood-colors.com\/ca\/product\/casales-creativos\/","og_locale":"ca_ES","og_type":"article","og_title":"Casales Creativos - Mood Colors","og_description":"Estamos emocionados de recibir a tus hijos en nuestros Casales Creativos en Mood Colors, dise\u00f1ados especialmente para despertar su creatividad y el talento art\u00edstico.","og_url":"https:\/\/mood-colors.com\/ca\/product\/casales-creativos\/","og_site_name":"Mood Colors","article_publisher":"https:\/\/www.facebook.com\/profile.php?id=61551704345080","article_modified_time":"2026-03-23T14:53:43+00:00","og_image":[{"width":810,"height":810,"url":"https:\/\/mood-colors.com\/wp-content\/uploads\/2024\/10\/Casales-creativos-2.png","type":"image\/png"}],"twitter_card":"summary_large_image","twitter_misc":{"Temps estimat de lectura":"1 minut"},"schema":{"@context":"https:\/\/schema.org","@graph":[{"@type":"WebPage","@id":"https:\/\/mood-colors.com\/product\/casales-creativos\/","url":"https:\/\/mood-colors.com\/product\/casales-creativos\/","name":"Casales Creativos - Mood Colors","isPartOf":{"@id":"https:\/\/mood-colors.com\/#website"},"primaryImageOfPage":{"@id":"https:\/\/mood-colors.com\/product\/casales-creativos\/#primaryimage"},"image":{"@id":"https:\/\/mood-colors.com\/product\/casales-creativos\/#primaryimage"},"thumbnailUrl":"https:\/\/mood-colors.com\/wp-content\/uploads\/2024\/10\/Casales-creativos-2.png","datePublished":"2024-12-12T15:25:20+00:00","dateModified":"2026-03-23T14:53:43+00:00","description":"Estem emocionats de rebre els teus fills als nostres Casals Creatius a Mood Colors, dissenyats especialment per despertar la seva creativitat i el talent art\u00edstic.","breadcrumb":{"@id":"https:\/\/mood-colors.com\/product\/casales-creativos\/#breadcrumb"},"inLanguage":"ca","potentialAction":[{"@type":"ReadAction","target":["https:\/\/mood-colors.com\/product\/casales-creativos\/"]}]},{"@type":"ImageObject","inLanguage":"ca","@id":"https:\/\/mood-colors.com\/product\/casales-creativos\/#primaryimage","url":"https:\/\/mood-colors.com\/wp-content\/uploads\/2024\/10\/Casales-creativos-2.png","contentUrl":"https:\/\/mood-colors.com\/wp-content\/uploads\/2024\/10\/Casales-creativos-2.png","width":810,"height":810,"caption":"Ni\u00f1os participando en un casal creativo pintando cer\u00e1mica en Mood Colors"},{"@type":"BreadcrumbList","@id":"https:\/\/mood-colors.com\/product\/casales-creativos\/#breadcrumb","itemListElement":[{"@type":"ListItem","position":1,"name":"Home","item":"https:\/\/mood-colors.com\/"},{"@type":"ListItem","position":2,"name":"Tienda","item":"https:\/\/mood-colors.com\/tienda\/"},{"@type":"ListItem","position":3,"name":"\u2014 Casales Creativos"}]},{"@type":"WebSite","@id":"https:\/\/mood-colors.com\/#website","url":"https:\/\/mood-colors.com\/","name":"Mood Colors","description":"Taller de pintura de cer\u00e0mica a Barcelona","publisher":{"@id":"https:\/\/mood-colors.com\/#organization"},"potentialAction":[{"@type":"SearchAction","target":{"@type":"EntryPoint","urlTemplate":"https:\/\/mood-colors.com\/?s={search_term_string}"},"query-input":{"@type":"PropertyValueSpecification","valueRequired":true,"valueName":"search_term_string"}}],"inLanguage":"ca"},{"@type":"Organization","@id":"https:\/\/mood-colors.com\/#organization","name":"Mood Colors","url":"https:\/\/mood-colors.com\/","logo":{"@type":"ImageObject","inLanguage":"ca","@id":"https:\/\/mood-colors.com\/#\/schema\/logo\/image\/","url":"https:\/\/mood-colors.com\/wp-content\/uploads\/2023\/06\/cropped-cropped-favicon-mood-colors.png","contentUrl":"https:\/\/mood-colors.com\/wp-content\/uploads\/2023\/06\/cropped-cropped-favicon-mood-colors.png","width":500,"height":500,"caption":"Mood Colors"},"image":{"@id":"https:\/\/mood-colors.com\/#\/schema\/logo\/image\/"},"sameAs":["https:\/\/www.facebook.com\/profile.php?id=61551704345080","https:\/\/instagram.com\/moodcolors.bcn","https:\/\/www.tiktok.com\/@mood.colors.ceramica?_t=8jRI5rmEwOu&_r=1"]}]}},"_links":{"self":[{"href":"https:\/\/mood-colors.com\/ca\/wp-json\/wp\/v2\/product\/930","targetHints":{"allow":["GET"]}}],"collection":[{"href":"https:\/\/mood-colors.com\/ca\/wp-json\/wp\/v2\/product"}],"about":[{"href":"https:\/\/mood-colors.com\/ca\/wp-json\/wp\/v2\/types\/product"}],"wp:featuredmedia":[{"embeddable":true,"href":"https:\/\/mood-colors.com\/ca\/wp-json\/wp\/v2\/media\/821"}],"wp:attachment":[{"href":"https:\/\/mood-colors.com\/ca\/wp-json\/wp\/v2\/media?parent=930"}],"wp:term":[{"taxonomy":"tipo-de-taller","embeddable":true,"href":"https:\/\/mood-colors.com\/ca\/wp-json\/wp\/v2\/tipo-de-taller?post=930"},{"taxonomy":"product_brand","embeddable":true,"href":"https:\/\/mood-colors.com\/ca\/wp-json\/wp\/v2\/product_brand?post=930"},{"taxonomy":"product_cat","embeddable":true,"href":"https:\/\/mood-colors.com\/ca\/wp-json\/wp\/v2\/product_cat?post=930"},{"taxonomy":"product_tag","embeddable":true,"href":"https:\/\/mood-colors.com\/ca\/wp-json\/wp\/v2\/product_tag?post=930"}],"curies":[{"name":"wp","href":"https:\/\/api.w.org\/{rel}","templated":true}]}}