{"id":2108,"date":"2025-11-26T10:28:08","date_gmt":"2025-11-26T09:28:08","guid":{"rendered":"https:\/\/mood-colors.com\/?post_type=product&#038;p=2108"},"modified":"2025-11-26T10:29:47","modified_gmt":"2025-11-26T09:29:47","slug":"mueble-maxi","status":"publish","type":"product","link":"https:\/\/mood-colors.com\/ca\/product\/mueble-maxi\/","title":{"rendered":"\u2014 Pack Mueble Maxi"},"content":{"rendered":"<p>\u00bfHay un mueble grande en tu casa que sue\u00f1as con transformar? \u00bfEsa c\u00f3moda, un armario o la mesa del comedor? Con nuestro\u00a0<b>Pack Mueble Maxi<\/b>, tienes la combinaci\u00f3n perfecta para abordar esos grandes proyectos y conseguir un resultado que te enamorar\u00e1.<\/p>\n<p>Este pack est\u00e1 dise\u00f1ado para quienes piensan a lo grande. Te proporciona la cantidad y las herramientas adecuadas para renovar piezas de mayor tama\u00f1o, asegurando un acabado profesional, duradero y lleno de personalidad. \u00a1Es hora de hacer realidad esa gran idea!<\/p>\n<p><b>\u00bfQu\u00e9 incluye tu pack para grandes proyectos?<\/b><\/p>\n<ul>\n<li><b>1x Mood Colors Chalk Paint (750ml):<\/b>\u00a0\u00a1M\u00e1s pintura para m\u00e1s creatividad! Elige tu color favorito en nuestro formato grande, perfecto para cubrir superficies amplias con un rendimiento excepcional. Y como siempre, con una adherencia incre\u00edble sin necesidad de lijar.<\/li>\n<li><b>1x Cera Clara (375gr):<\/b>\u00a0La protecci\u00f3n ideal para tus muebles m\u00e1s queridos. Con este formato de cera, podr\u00e1s sellar y embellecer toda la superficie, garantizando un acabado aterciopelado al tacto y resistente al d\u00eda a d\u00eda.<\/li>\n<li><b>1x Bocha Fun Nr.8:<\/b>\u00a0La herramienta experta para un acabado perfecto. Este cepillo redondo es ideal para aplicar la cera de manera uniforme, llegando a cada rinc\u00f3n, moldura y detalle sin esfuerzo. \u00a1Tu mejor aliado para un resultado profesional!<\/li>\n<\/ul>","protected":false},"excerpt":{"rendered":"<p>\u00bfHay un mueble grande en tu casa que sue\u00f1as con transformar? \u00bfEsa c\u00f3moda, un armario o la mesa del comedor? Con nuestro\u00a0Pack Mueble Maxi, tienes la combinaci\u00f3n perfecta para abordar esos grandes proyectos y conseguir un resultado que te enamorar\u00e1. Este pack est\u00e1 dise\u00f1ado para quienes piensan a lo grande. Te proporciona la cantidad y [&hellip;]<\/p>\n","protected":false},"featured_media":1799,"template":"","meta":{"_acf_changed":false},"tipo-de-taller":[],"product_brand":[],"product_cat":[60],"product_tag":[],"class_list":{"0":"post-2108","1":"product","2":"type-product","3":"status-publish","4":"has-post-thumbnail","6":"product_cat-packs","8":"first","9":"instock","10":"taxable","11":"shipping-taxable","12":"purchasable","13":"product-type-woosb"},"acf":[],"yoast_head":"<!-- This site is optimized with the Yoast SEO plugin v27.3 - https:\/\/yoast.com\/product\/yoast-seo-wordpress\/ -->\n<title>\u2014 Pack Mueble Maxi - Mood Colors<\/title>\n<meta name=\"robots\" content=\"index, follow, max-snippet:-1, max-image-preview:large, max-video-preview:-1\" \/>\n<link rel=\"canonical\" href=\"https:\/\/mood-colors.com\/ca\/product\/mueble-maxi\/\" \/>\n<meta property=\"og:locale\" content=\"ca_ES\" \/>\n<meta property=\"og:type\" content=\"article\" \/>\n<meta property=\"og:title\" content=\"\u2014 Pack Mueble Maxi - Mood Colors\" \/>\n<meta property=\"og:description\" content=\"\u00bfHay un mueble grande en tu casa que sue\u00f1as con transformar? \u00bfEsa c\u00f3moda, un armario o la mesa del comedor? Con nuestro\u00a0Pack Mueble Maxi, tienes la combinaci\u00f3n perfecta para abordar esos grandes proyectos y conseguir un resultado que te enamorar\u00e1. Este pack est\u00e1 dise\u00f1ado para quienes piensan a lo grande. Te proporciona la cantidad y [&hellip;]\" \/>\n<meta property=\"og:url\" content=\"https:\/\/mood-colors.com\/ca\/product\/mueble-maxi\/\" \/>\n<meta property=\"og:site_name\" content=\"Mood Colors\" \/>\n<meta property=\"article:publisher\" content=\"https:\/\/www.facebook.com\/profile.php?id=61551704345080\" \/>\n<meta property=\"article:modified_time\" content=\"2025-11-26T09:29:47+00:00\" \/>\n<meta property=\"og:image\" content=\"https:\/\/mood-colors.com\/wp-content\/uploads\/2025\/09\/WhatsApp-Image-2025-09-18-at-1.06.02-PM1-e1758529986217.jpeg\" \/>\n\t<meta property=\"og:image:width\" content=\"1080\" \/>\n\t<meta property=\"og:image:height\" content=\"1080\" \/>\n\t<meta property=\"og:image:type\" content=\"image\/jpeg\" \/>\n<meta name=\"twitter:card\" content=\"summary_large_image\" \/>\n<meta name=\"twitter:label1\" content=\"Temps estimat de lectura\" \/>\n\t<meta name=\"twitter:data1\" content=\"2 minuts\" \/>\n<script type=\"application\/ld+json\" class=\"yoast-schema-graph\">{\"@context\":\"https:\\\/\\\/schema.org\",\"@graph\":[{\"@type\":\"WebPage\",\"@id\":\"https:\\\/\\\/mood-colors.com\\\/product\\\/mueble-maxi\\\/\",\"url\":\"https:\\\/\\\/mood-colors.com\\\/product\\\/mueble-maxi\\\/\",\"name\":\"\u2014 Pack Mueble Maxi - Mood Colors\",\"isPartOf\":{\"@id\":\"https:\\\/\\\/mood-colors.com\\\/#website\"},\"primaryImageOfPage\":{\"@id\":\"https:\\\/\\\/mood-colors.com\\\/product\\\/mueble-maxi\\\/#primaryimage\"},\"image\":{\"@id\":\"https:\\\/\\\/mood-colors.com\\\/product\\\/mueble-maxi\\\/#primaryimage\"},\"thumbnailUrl\":\"https:\\\/\\\/mood-colors.com\\\/wp-content\\\/uploads\\\/2025\\\/09\\\/WhatsApp-Image-2025-09-18-at-1.06.02-PM1-e1758529986217.jpeg\",\"datePublished\":\"2025-11-26T09:28:08+00:00\",\"dateModified\":\"2025-11-26T09:29:47+00:00\",\"breadcrumb\":{\"@id\":\"https:\\\/\\\/mood-colors.com\\\/product\\\/mueble-maxi\\\/#breadcrumb\"},\"inLanguage\":\"ca\",\"potentialAction\":[{\"@type\":\"ReadAction\",\"target\":[\"https:\\\/\\\/mood-colors.com\\\/product\\\/mueble-maxi\\\/\"]}]},{\"@type\":\"ImageObject\",\"inLanguage\":\"ca\",\"@id\":\"https:\\\/\\\/mood-colors.com\\\/product\\\/mueble-maxi\\\/#primaryimage\",\"url\":\"https:\\\/\\\/mood-colors.com\\\/wp-content\\\/uploads\\\/2025\\\/09\\\/WhatsApp-Image-2025-09-18-at-1.06.02-PM1-e1758529986217.jpeg\",\"contentUrl\":\"https:\\\/\\\/mood-colors.com\\\/wp-content\\\/uploads\\\/2025\\\/09\\\/WhatsApp-Image-2025-09-18-at-1.06.02-PM1-e1758529986217.jpeg\",\"width\":1080,\"height\":1080},{\"@type\":\"BreadcrumbList\",\"@id\":\"https:\\\/\\\/mood-colors.com\\\/product\\\/mueble-maxi\\\/#breadcrumb\",\"itemListElement\":[{\"@type\":\"ListItem\",\"position\":1,\"name\":\"Home\",\"item\":\"https:\\\/\\\/mood-colors.com\\\/\"},{\"@type\":\"ListItem\",\"position\":2,\"name\":\"Tienda\",\"item\":\"https:\\\/\\\/mood-colors.com\\\/tienda\\\/\"},{\"@type\":\"ListItem\",\"position\":3,\"name\":\"\u2014 Pack Mueble Maxi\"}]},{\"@type\":\"WebSite\",\"@id\":\"https:\\\/\\\/mood-colors.com\\\/#website\",\"url\":\"https:\\\/\\\/mood-colors.com\\\/\",\"name\":\"Mood Colors\",\"description\":\"Taller de pintura de cer\u00e1mica en Barcelona\",\"publisher\":{\"@id\":\"https:\\\/\\\/mood-colors.com\\\/#organization\"},\"potentialAction\":[{\"@type\":\"SearchAction\",\"target\":{\"@type\":\"EntryPoint\",\"urlTemplate\":\"https:\\\/\\\/mood-colors.com\\\/?s={search_term_string}\"},\"query-input\":{\"@type\":\"PropertyValueSpecification\",\"valueRequired\":true,\"valueName\":\"search_term_string\"}}],\"inLanguage\":\"ca\"},{\"@type\":\"Organization\",\"@id\":\"https:\\\/\\\/mood-colors.com\\\/#organization\",\"name\":\"Mood Colors\",\"url\":\"https:\\\/\\\/mood-colors.com\\\/\",\"logo\":{\"@type\":\"ImageObject\",\"inLanguage\":\"ca\",\"@id\":\"https:\\\/\\\/mood-colors.com\\\/#\\\/schema\\\/logo\\\/image\\\/\",\"url\":\"https:\\\/\\\/mood-colors.com\\\/wp-content\\\/uploads\\\/2023\\\/06\\\/cropped-cropped-favicon-mood-colors.png\",\"contentUrl\":\"https:\\\/\\\/mood-colors.com\\\/wp-content\\\/uploads\\\/2023\\\/06\\\/cropped-cropped-favicon-mood-colors.png\",\"width\":500,\"height\":500,\"caption\":\"Mood Colors\"},\"image\":{\"@id\":\"https:\\\/\\\/mood-colors.com\\\/#\\\/schema\\\/logo\\\/image\\\/\"},\"sameAs\":[\"https:\\\/\\\/www.facebook.com\\\/profile.php?id=61551704345080\",\"https:\\\/\\\/instagram.com\\\/moodcolors.bcn\",\"https:\\\/\\\/www.tiktok.com\\\/@mood.colors.ceramica?_t=8jRI5rmEwOu&_r=1\"]}]}<\/script>\n<!-- \/ Yoast SEO plugin. -->","yoast_head_json":{"title":"\u2014 Pack Mueble Maxi - Mood Colors","robots":{"index":"index","follow":"follow","max-snippet":"max-snippet:-1","max-image-preview":"max-image-preview:large","max-video-preview":"max-video-preview:-1"},"canonical":"https:\/\/mood-colors.com\/ca\/product\/mueble-maxi\/","og_locale":"ca_ES","og_type":"article","og_title":"\u2014 Pack Mueble Maxi - Mood Colors","og_description":"\u00bfHay un mueble grande en tu casa que sue\u00f1as con transformar? \u00bfEsa c\u00f3moda, un armario o la mesa del comedor? Con nuestro\u00a0Pack Mueble Maxi, tienes la combinaci\u00f3n perfecta para abordar esos grandes proyectos y conseguir un resultado que te enamorar\u00e1. Este pack est\u00e1 dise\u00f1ado para quienes piensan a lo grande. Te proporciona la cantidad y [&hellip;]","og_url":"https:\/\/mood-colors.com\/ca\/product\/mueble-maxi\/","og_site_name":"Mood Colors","article_publisher":"https:\/\/www.facebook.com\/profile.php?id=61551704345080","article_modified_time":"2025-11-26T09:29:47+00:00","og_image":[{"width":1080,"height":1080,"url":"https:\/\/mood-colors.com\/wp-content\/uploads\/2025\/09\/WhatsApp-Image-2025-09-18-at-1.06.02-PM1-e1758529986217.jpeg","type":"image\/jpeg"}],"twitter_card":"summary_large_image","twitter_misc":{"Temps estimat de lectura":"2 minuts"},"schema":{"@context":"https:\/\/schema.org","@graph":[{"@type":"WebPage","@id":"https:\/\/mood-colors.com\/product\/mueble-maxi\/","url":"https:\/\/mood-colors.com\/product\/mueble-maxi\/","name":"\u2014 Pack Mueble Maxi - Mood Colors","isPartOf":{"@id":"https:\/\/mood-colors.com\/#website"},"primaryImageOfPage":{"@id":"https:\/\/mood-colors.com\/product\/mueble-maxi\/#primaryimage"},"image":{"@id":"https:\/\/mood-colors.com\/product\/mueble-maxi\/#primaryimage"},"thumbnailUrl":"https:\/\/mood-colors.com\/wp-content\/uploads\/2025\/09\/WhatsApp-Image-2025-09-18-at-1.06.02-PM1-e1758529986217.jpeg","datePublished":"2025-11-26T09:28:08+00:00","dateModified":"2025-11-26T09:29:47+00:00","breadcrumb":{"@id":"https:\/\/mood-colors.com\/product\/mueble-maxi\/#breadcrumb"},"inLanguage":"ca","potentialAction":[{"@type":"ReadAction","target":["https:\/\/mood-colors.com\/product\/mueble-maxi\/"]}]},{"@type":"ImageObject","inLanguage":"ca","@id":"https:\/\/mood-colors.com\/product\/mueble-maxi\/#primaryimage","url":"https:\/\/mood-colors.com\/wp-content\/uploads\/2025\/09\/WhatsApp-Image-2025-09-18-at-1.06.02-PM1-e1758529986217.jpeg","contentUrl":"https:\/\/mood-colors.com\/wp-content\/uploads\/2025\/09\/WhatsApp-Image-2025-09-18-at-1.06.02-PM1-e1758529986217.jpeg","width":1080,"height":1080},{"@type":"BreadcrumbList","@id":"https:\/\/mood-colors.com\/product\/mueble-maxi\/#breadcrumb","itemListElement":[{"@type":"ListItem","position":1,"name":"Home","item":"https:\/\/mood-colors.com\/"},{"@type":"ListItem","position":2,"name":"Tienda","item":"https:\/\/mood-colors.com\/tienda\/"},{"@type":"ListItem","position":3,"name":"\u2014 Pack Mueble Maxi"}]},{"@type":"WebSite","@id":"https:\/\/mood-colors.com\/#website","url":"https:\/\/mood-colors.com\/","name":"Mood Colors","description":"Taller de pintura de cer\u00e0mica a Barcelona","publisher":{"@id":"https:\/\/mood-colors.com\/#organization"},"potentialAction":[{"@type":"SearchAction","target":{"@type":"EntryPoint","urlTemplate":"https:\/\/mood-colors.com\/?s={search_term_string}"},"query-input":{"@type":"PropertyValueSpecification","valueRequired":true,"valueName":"search_term_string"}}],"inLanguage":"ca"},{"@type":"Organization","@id":"https:\/\/mood-colors.com\/#organization","name":"Mood Colors","url":"https:\/\/mood-colors.com\/","logo":{"@type":"ImageObject","inLanguage":"ca","@id":"https:\/\/mood-colors.com\/#\/schema\/logo\/image\/","url":"https:\/\/mood-colors.com\/wp-content\/uploads\/2023\/06\/cropped-cropped-favicon-mood-colors.png","contentUrl":"https:\/\/mood-colors.com\/wp-content\/uploads\/2023\/06\/cropped-cropped-favicon-mood-colors.png","width":500,"height":500,"caption":"Mood Colors"},"image":{"@id":"https:\/\/mood-colors.com\/#\/schema\/logo\/image\/"},"sameAs":["https:\/\/www.facebook.com\/profile.php?id=61551704345080","https:\/\/instagram.com\/moodcolors.bcn","https:\/\/www.tiktok.com\/@mood.colors.ceramica?_t=8jRI5rmEwOu&_r=1"]}]}},"_links":{"self":[{"href":"https:\/\/mood-colors.com\/ca\/wp-json\/wp\/v2\/product\/2108","targetHints":{"allow":["GET"]}}],"collection":[{"href":"https:\/\/mood-colors.com\/ca\/wp-json\/wp\/v2\/product"}],"about":[{"href":"https:\/\/mood-colors.com\/ca\/wp-json\/wp\/v2\/types\/product"}],"wp:featuredmedia":[{"embeddable":true,"href":"https:\/\/mood-colors.com\/ca\/wp-json\/wp\/v2\/media\/1799"}],"wp:attachment":[{"href":"https:\/\/mood-colors.com\/ca\/wp-json\/wp\/v2\/media?parent=2108"}],"wp:term":[{"taxonomy":"tipo-de-taller","embeddable":true,"href":"https:\/\/mood-colors.com\/ca\/wp-json\/wp\/v2\/tipo-de-taller?post=2108"},{"taxonomy":"product_brand","embeddable":true,"href":"https:\/\/mood-colors.com\/ca\/wp-json\/wp\/v2\/product_brand?post=2108"},{"taxonomy":"product_cat","embeddable":true,"href":"https:\/\/mood-colors.com\/ca\/wp-json\/wp\/v2\/product_cat?post=2108"},{"taxonomy":"product_tag","embeddable":true,"href":"https:\/\/mood-colors.com\/ca\/wp-json\/wp\/v2\/product_tag?post=2108"}],"curies":[{"name":"wp","href":"https:\/\/api.w.org\/{rel}","templated":true}]}}