{"id":1873,"date":"2025-10-01T09:59:16","date_gmt":"2025-10-01T07:59:16","guid":{"rendered":"https:\/\/mood-colors.com\/?post_type=product&#038;p=1873"},"modified":"2025-10-02T10:39:05","modified_gmt":"2025-10-02T08:39:05","slug":"extraescolares","status":"publish","type":"product","link":"https:\/\/mood-colors.com\/ca\/product\/extraescolares\/","title":{"rendered":"\u2014 Extra Escolares"},"content":{"rendered":"<p><strong>De Lunes a Jueves<\/strong><br \/>\n<strong>Hora:<\/strong> 16:30\u201319:30, sesi\u00f3n de m\u00e1ximo 2 horas.<br \/>\n<strong>Validez del pack:<\/strong> 40 d\u00edas desde la fecha de compra.<\/p>\n<p><strong>Luego de comprar tu sesi\u00f3n, <a href=\"https:\/\/wa.me\/34646925040?text=%C2%A1Hola%21%20Quiero%20saber%20m%C3%A1s%20sobre%20Mood%20Colors...\">cont\u00e1ctanos, elige la fecha y reserva tu plaza<\/a>.<\/strong><\/p>\n<p><strong>\u00a1Planazo despu\u00e9s del cole!\u00a0<img decoding=\"async\" class=\"an1\" draggable=\"false\" src=\"https:\/\/fonts.gstatic.com\/s\/e\/notoemoji\/16.0\/1f58c_fe0f\/32.png\" alt=\"\ud83d\udd8c\ufe0f\" data-emoji=\"\ud83d\udd8c\ufe0f\" aria-label=\"\ud83d\udd8c\ufe0f\" \/><\/strong>Un after-school\u00a0creativo\u00a0para\u00a0des<wbr \/>conectar\u00a0de\u00a0pantallas,\u00a0relajar<wbr \/>se\u00a0y aprender\u00a0haciendo.\u00a0En un ambiente seguro y tranquilo,\u00a0los\u00a0peques\u00a0exploran<wbr \/> la\u00a0arcilla desde\u00a0cero:\u00a0tocan,\u00a0<wbr \/>modelan,\u00a0pintan\u00a0y\u00a0esmaltan\u00a0sus<wbr \/> propias piezas mientras desarrollan\u00a0motricidad\u00a0fina,\u00a0concent<wbr \/>raci\u00f3n\u00a0y\u00a0autoestima. Nuestro equipo\u00a0acompa\u00f1a\u00a0cada\u00a0paso con\u00a0propuestas\u00a0adaptadas\u00a0al\u00a0ri<wbr \/>tmo\u00a0de\u00a0cada\u00a0ni\u00f1o\/a,\u00a0fomentando<wbr \/>\u00a0la\u00a0imaginaci\u00f3n, el trabajo\u00a0paciente\u00a0y la\u00a0alegr\u00eda\u00a0de\u00a0crear\u00a0algo\u00a0propi<wbr \/>o que podr\u00e1n llevarse a casa.<\/p>\n<p><strong>\u00bfQu\u00e9 incluye?<\/strong><\/p>\n<ul>\n<li>Arcilla, herramientas y pinturas para decorar.<\/li>\n<li>Acompa\u00f1amiento cercano de nuestro equipo (no necesitas experiencia).<\/li>\n<li>Aprender\u00e1s t\u00e9cnicas de modelado manual: placa, pellizco y churro.<\/li>\n<li>Doble quema y acabado en esmalte transparente.<\/li>\n<\/ul>\n<p><em>Piezas listas para recoger en\u00a010 d\u00edas.<\/em><\/p>","protected":false},"excerpt":{"rendered":"<p>De Lunes a Jueves Hora: 16:30\u201319:30, sesi\u00f3n de m\u00e1ximo 2 horas. Validez del pack: 40 d\u00edas desde la fecha de compra. Luego de comprar tu sesi\u00f3n, cont\u00e1ctanos, elige la fecha y reserva tu plaza. \u00a1Planazo despu\u00e9s del cole!\u00a0Un after-school\u00a0creativo\u00a0para\u00a0desconectar\u00a0de\u00a0pantallas,\u00a0relajarse\u00a0y aprender\u00a0haciendo.\u00a0En un ambiente seguro y tranquilo,\u00a0los\u00a0peques\u00a0exploran la\u00a0arcilla desde\u00a0cero:\u00a0tocan,\u00a0modelan,\u00a0pintan\u00a0y\u00a0esmaltan\u00a0sus propias piezas mientras desarrollan\u00a0motricidad\u00a0fina,\u00a0concentraci\u00f3n\u00a0y\u00a0autoestima. Nuestro equipo\u00a0acompa\u00f1a\u00a0cada\u00a0paso con\u00a0propuestas\u00a0adaptadas\u00a0al\u00a0ritmo\u00a0de\u00a0cada\u00a0ni\u00f1o\/a,\u00a0fomentando\u00a0la\u00a0imaginaci\u00f3n, el [&hellip;]<\/p>\n","protected":false},"featured_media":1919,"template":"","meta":{"_acf_changed":false},"tipo-de-taller":[42],"product_brand":[],"product_cat":[30],"product_tag":[],"class_list":{"0":"post-1873","1":"product","2":"type-product","3":"status-publish","4":"has-post-thumbnail","6":"tipo-de-taller-modelado","7":"product_cat-talleres","8":"product_shipping_class-free-shipping","10":"first","11":"instock","12":"taxable","13":"shipping-taxable","14":"purchasable","15":"product-type-simple"},"acf":[],"yoast_head":"<!-- This site is optimized with the Yoast SEO plugin v27.3 - https:\/\/yoast.com\/product\/yoast-seo-wordpress\/ -->\n<title>Extracurriculares - Mood Colors<\/title>\n<meta name=\"description\" content=\"After school creativo\u00a0para\u00a0desconectar\u00a0de\u00a0pantallas,\u00a0relajarse\u00a0y aprender\u00a0haciendo.\u00a0\" \/>\n<meta name=\"robots\" content=\"index, follow, max-snippet:-1, max-image-preview:large, max-video-preview:-1\" \/>\n<link rel=\"canonical\" href=\"https:\/\/mood-colors.com\/ca\/product\/extraescolares\/\" \/>\n<meta property=\"og:locale\" content=\"ca_ES\" \/>\n<meta property=\"og:type\" content=\"article\" \/>\n<meta property=\"og:title\" content=\"Extracurriculares - Mood Colors\" \/>\n<meta property=\"og:description\" content=\"After school creativo\u00a0para\u00a0desconectar\u00a0de\u00a0pantallas,\u00a0relajarse\u00a0y aprender\u00a0haciendo.\u00a0\" \/>\n<meta property=\"og:url\" content=\"https:\/\/mood-colors.com\/ca\/product\/extraescolares\/\" \/>\n<meta property=\"og:site_name\" content=\"Mood Colors\" \/>\n<meta property=\"article:publisher\" content=\"https:\/\/www.facebook.com\/profile.php?id=61551704345080\" \/>\n<meta property=\"article:modified_time\" content=\"2025-10-02T08:39:05+00:00\" \/>\n<meta property=\"og:image\" content=\"http:\/\/mood-colors.com\/wp-content\/uploads\/2025\/10\/extracurricular-3-e1759306268453.jpeg\" \/>\n\t<meta property=\"og:image:width\" content=\"959\" \/>\n\t<meta property=\"og:image:height\" content=\"960\" \/>\n\t<meta property=\"og:image:type\" content=\"image\/jpeg\" \/>\n<meta name=\"twitter:card\" content=\"summary_large_image\" \/>\n<meta name=\"twitter:label1\" content=\"Temps estimat de lectura\" \/>\n\t<meta name=\"twitter:data1\" content=\"2 minuts\" \/>\n<script type=\"application\/ld+json\" class=\"yoast-schema-graph\">{\"@context\":\"https:\\\/\\\/schema.org\",\"@graph\":[{\"@type\":\"WebPage\",\"@id\":\"https:\\\/\\\/mood-colors.com\\\/product\\\/extraescolares\\\/\",\"url\":\"https:\\\/\\\/mood-colors.com\\\/product\\\/extraescolares\\\/\",\"name\":\"Extracurriculares - Mood Colors\",\"isPartOf\":{\"@id\":\"https:\\\/\\\/mood-colors.com\\\/#website\"},\"primaryImageOfPage\":{\"@id\":\"https:\\\/\\\/mood-colors.com\\\/product\\\/extraescolares\\\/#primaryimage\"},\"image\":{\"@id\":\"https:\\\/\\\/mood-colors.com\\\/product\\\/extraescolares\\\/#primaryimage\"},\"thumbnailUrl\":\"https:\\\/\\\/mood-colors.com\\\/wp-content\\\/uploads\\\/2025\\\/10\\\/extracurricular-3-e1759306268453.jpeg\",\"datePublished\":\"2025-10-01T07:59:16+00:00\",\"dateModified\":\"2025-10-02T08:39:05+00:00\",\"description\":\"After school creativo\u00a0para\u00a0desconectar\u00a0de\u00a0pantallas,\u00a0relajarse\u00a0y aprender\u00a0haciendo.\u00a0\",\"breadcrumb\":{\"@id\":\"https:\\\/\\\/mood-colors.com\\\/product\\\/extraescolares\\\/#breadcrumb\"},\"inLanguage\":\"ca\",\"potentialAction\":[{\"@type\":\"ReadAction\",\"target\":[\"https:\\\/\\\/mood-colors.com\\\/product\\\/extraescolares\\\/\"]}]},{\"@type\":\"ImageObject\",\"inLanguage\":\"ca\",\"@id\":\"https:\\\/\\\/mood-colors.com\\\/product\\\/extraescolares\\\/#primaryimage\",\"url\":\"https:\\\/\\\/mood-colors.com\\\/wp-content\\\/uploads\\\/2025\\\/10\\\/extracurricular-3-e1759306268453.jpeg\",\"contentUrl\":\"https:\\\/\\\/mood-colors.com\\\/wp-content\\\/uploads\\\/2025\\\/10\\\/extracurricular-3-e1759306268453.jpeg\",\"width\":959,\"height\":960},{\"@type\":\"BreadcrumbList\",\"@id\":\"https:\\\/\\\/mood-colors.com\\\/product\\\/extraescolares\\\/#breadcrumb\",\"itemListElement\":[{\"@type\":\"ListItem\",\"position\":1,\"name\":\"Home\",\"item\":\"https:\\\/\\\/mood-colors.com\\\/\"},{\"@type\":\"ListItem\",\"position\":2,\"name\":\"Tienda\",\"item\":\"https:\\\/\\\/mood-colors.com\\\/tienda\\\/\"},{\"@type\":\"ListItem\",\"position\":3,\"name\":\"\u2014 Extra Escolares\"}]},{\"@type\":\"WebSite\",\"@id\":\"https:\\\/\\\/mood-colors.com\\\/#website\",\"url\":\"https:\\\/\\\/mood-colors.com\\\/\",\"name\":\"Mood Colors\",\"description\":\"Taller de pintura de cer\u00e1mica en Barcelona\",\"publisher\":{\"@id\":\"https:\\\/\\\/mood-colors.com\\\/#organization\"},\"potentialAction\":[{\"@type\":\"SearchAction\",\"target\":{\"@type\":\"EntryPoint\",\"urlTemplate\":\"https:\\\/\\\/mood-colors.com\\\/?s={search_term_string}\"},\"query-input\":{\"@type\":\"PropertyValueSpecification\",\"valueRequired\":true,\"valueName\":\"search_term_string\"}}],\"inLanguage\":\"ca\"},{\"@type\":\"Organization\",\"@id\":\"https:\\\/\\\/mood-colors.com\\\/#organization\",\"name\":\"Mood Colors\",\"url\":\"https:\\\/\\\/mood-colors.com\\\/\",\"logo\":{\"@type\":\"ImageObject\",\"inLanguage\":\"ca\",\"@id\":\"https:\\\/\\\/mood-colors.com\\\/#\\\/schema\\\/logo\\\/image\\\/\",\"url\":\"https:\\\/\\\/mood-colors.com\\\/wp-content\\\/uploads\\\/2023\\\/06\\\/cropped-cropped-favicon-mood-colors.png\",\"contentUrl\":\"https:\\\/\\\/mood-colors.com\\\/wp-content\\\/uploads\\\/2023\\\/06\\\/cropped-cropped-favicon-mood-colors.png\",\"width\":500,\"height\":500,\"caption\":\"Mood Colors\"},\"image\":{\"@id\":\"https:\\\/\\\/mood-colors.com\\\/#\\\/schema\\\/logo\\\/image\\\/\"},\"sameAs\":[\"https:\\\/\\\/www.facebook.com\\\/profile.php?id=61551704345080\",\"https:\\\/\\\/instagram.com\\\/moodcolors.bcn\",\"https:\\\/\\\/www.tiktok.com\\\/@mood.colors.ceramica?_t=8jRI5rmEwOu&_r=1\"]}]}<\/script>\n<!-- \/ Yoast SEO plugin. -->","yoast_head_json":{"title":"Extracurriculares - Mood Colors","description":"After school creativo\u00a0para\u00a0desconectar\u00a0de\u00a0pantallas,\u00a0relajarse\u00a0y aprender\u00a0haciendo.\u00a0","robots":{"index":"index","follow":"follow","max-snippet":"max-snippet:-1","max-image-preview":"max-image-preview:large","max-video-preview":"max-video-preview:-1"},"canonical":"https:\/\/mood-colors.com\/ca\/product\/extraescolares\/","og_locale":"ca_ES","og_type":"article","og_title":"Extracurriculares - Mood Colors","og_description":"After school creativo\u00a0para\u00a0desconectar\u00a0de\u00a0pantallas,\u00a0relajarse\u00a0y aprender\u00a0haciendo.\u00a0","og_url":"https:\/\/mood-colors.com\/ca\/product\/extraescolares\/","og_site_name":"Mood Colors","article_publisher":"https:\/\/www.facebook.com\/profile.php?id=61551704345080","article_modified_time":"2025-10-02T08:39:05+00:00","og_image":[{"width":959,"height":960,"url":"http:\/\/mood-colors.com\/wp-content\/uploads\/2025\/10\/extracurricular-3-e1759306268453.jpeg","type":"image\/jpeg"}],"twitter_card":"summary_large_image","twitter_misc":{"Temps estimat de lectura":"2 minuts"},"schema":{"@context":"https:\/\/schema.org","@graph":[{"@type":"WebPage","@id":"https:\/\/mood-colors.com\/product\/extraescolares\/","url":"https:\/\/mood-colors.com\/product\/extraescolares\/","name":"Extracurriculares - Mood Colors","isPartOf":{"@id":"https:\/\/mood-colors.com\/#website"},"primaryImageOfPage":{"@id":"https:\/\/mood-colors.com\/product\/extraescolares\/#primaryimage"},"image":{"@id":"https:\/\/mood-colors.com\/product\/extraescolares\/#primaryimage"},"thumbnailUrl":"https:\/\/mood-colors.com\/wp-content\/uploads\/2025\/10\/extracurricular-3-e1759306268453.jpeg","datePublished":"2025-10-01T07:59:16+00:00","dateModified":"2025-10-02T08:39:05+00:00","description":"After school creativo\u00a0para\u00a0desconectar\u00a0de\u00a0pantallas,\u00a0relajarse\u00a0y aprender\u00a0haciendo.\u00a0","breadcrumb":{"@id":"https:\/\/mood-colors.com\/product\/extraescolares\/#breadcrumb"},"inLanguage":"ca","potentialAction":[{"@type":"ReadAction","target":["https:\/\/mood-colors.com\/product\/extraescolares\/"]}]},{"@type":"ImageObject","inLanguage":"ca","@id":"https:\/\/mood-colors.com\/product\/extraescolares\/#primaryimage","url":"https:\/\/mood-colors.com\/wp-content\/uploads\/2025\/10\/extracurricular-3-e1759306268453.jpeg","contentUrl":"https:\/\/mood-colors.com\/wp-content\/uploads\/2025\/10\/extracurricular-3-e1759306268453.jpeg","width":959,"height":960},{"@type":"BreadcrumbList","@id":"https:\/\/mood-colors.com\/product\/extraescolares\/#breadcrumb","itemListElement":[{"@type":"ListItem","position":1,"name":"Home","item":"https:\/\/mood-colors.com\/"},{"@type":"ListItem","position":2,"name":"Tienda","item":"https:\/\/mood-colors.com\/tienda\/"},{"@type":"ListItem","position":3,"name":"\u2014 Extra Escolares"}]},{"@type":"WebSite","@id":"https:\/\/mood-colors.com\/#website","url":"https:\/\/mood-colors.com\/","name":"Mood Colors","description":"Taller de pintura de cer\u00e0mica a Barcelona","publisher":{"@id":"https:\/\/mood-colors.com\/#organization"},"potentialAction":[{"@type":"SearchAction","target":{"@type":"EntryPoint","urlTemplate":"https:\/\/mood-colors.com\/?s={search_term_string}"},"query-input":{"@type":"PropertyValueSpecification","valueRequired":true,"valueName":"search_term_string"}}],"inLanguage":"ca"},{"@type":"Organization","@id":"https:\/\/mood-colors.com\/#organization","name":"Mood Colors","url":"https:\/\/mood-colors.com\/","logo":{"@type":"ImageObject","inLanguage":"ca","@id":"https:\/\/mood-colors.com\/#\/schema\/logo\/image\/","url":"https:\/\/mood-colors.com\/wp-content\/uploads\/2023\/06\/cropped-cropped-favicon-mood-colors.png","contentUrl":"https:\/\/mood-colors.com\/wp-content\/uploads\/2023\/06\/cropped-cropped-favicon-mood-colors.png","width":500,"height":500,"caption":"Mood Colors"},"image":{"@id":"https:\/\/mood-colors.com\/#\/schema\/logo\/image\/"},"sameAs":["https:\/\/www.facebook.com\/profile.php?id=61551704345080","https:\/\/instagram.com\/moodcolors.bcn","https:\/\/www.tiktok.com\/@mood.colors.ceramica?_t=8jRI5rmEwOu&_r=1"]}]}},"_links":{"self":[{"href":"https:\/\/mood-colors.com\/ca\/wp-json\/wp\/v2\/product\/1873","targetHints":{"allow":["GET"]}}],"collection":[{"href":"https:\/\/mood-colors.com\/ca\/wp-json\/wp\/v2\/product"}],"about":[{"href":"https:\/\/mood-colors.com\/ca\/wp-json\/wp\/v2\/types\/product"}],"wp:featuredmedia":[{"embeddable":true,"href":"https:\/\/mood-colors.com\/ca\/wp-json\/wp\/v2\/media\/1919"}],"wp:attachment":[{"href":"https:\/\/mood-colors.com\/ca\/wp-json\/wp\/v2\/media?parent=1873"}],"wp:term":[{"taxonomy":"tipo-de-taller","embeddable":true,"href":"https:\/\/mood-colors.com\/ca\/wp-json\/wp\/v2\/tipo-de-taller?post=1873"},{"taxonomy":"product_brand","embeddable":true,"href":"https:\/\/mood-colors.com\/ca\/wp-json\/wp\/v2\/product_brand?post=1873"},{"taxonomy":"product_cat","embeddable":true,"href":"https:\/\/mood-colors.com\/ca\/wp-json\/wp\/v2\/product_cat?post=1873"},{"taxonomy":"product_tag","embeddable":true,"href":"https:\/\/mood-colors.com\/ca\/wp-json\/wp\/v2\/product_tag?post=1873"}],"curies":[{"name":"wp","href":"https:\/\/api.w.org\/{rel}","templated":true}]}}