{"id":1453,"date":"2025-06-30T14:59:44","date_gmt":"2025-06-30T12:59:44","guid":{"rendered":"https:\/\/mood-colors.com\/?post_type=product&#038;p=1453"},"modified":"2026-03-23T15:45:52","modified_gmt":"2026-03-23T14:45:52","slug":"pack-casales-creativos","status":"publish","type":"product","link":"https:\/\/mood-colors.com\/ca\/product\/pack-casales-creativos\/","title":{"rendered":"Pack Casales Creativos"},"content":{"rendered":"<h5>\u00a1Ahorra comprando este pack de 4 casales!<\/h5>\n<p>A continuaci\u00f3n puedes ver el detalle de los casales:<\/p>\n<p><strong>Desde el 30 de Marzo hasta el 2 de Abril<\/strong><br \/>\n<strong>Hora:<\/strong> 11:00h, sessi\u00f3 de 2 hores. Nom\u00e9s de Dilluns a Dijous.<br \/>\n<strong>Edat m\u00ednima:<\/strong> 9 anys<\/p>\n<p><a href=\"https:\/\/mood-colors.com\/ca\/product\/casales-creativos\/\">Compra casales individuales aqu\u00ed.<\/a><\/p>\n<ul>\n<li><strong>Dilluns:<\/strong> Cintes i adhesius<\/li>\n<li><strong>Dimarts:<\/strong> Segells i Esponja<\/li>\n<li><strong>Dimecres:<\/strong> Plantilles i Marmoleado<\/li>\n<li><strong>Dijous:<\/strong> Transici\u00f3 de colors<\/li>\n<\/ul>\n<p>Estem emocionats de rebre els teus fills als nostres Casals Creatius a Mood Colors, dissenyats especialment per despertar la seva creativitat i el talent art\u00edstic.<\/p>\n<p>Desenvolupament d\u2019habilitats: Fomentem la creativitat, la concentraci\u00f3 i la paci\u00e8ncia a trav\u00e9s de l\u2019art.<\/p>\n<p>Cada d\u00eda aprender\u00e1n nuevas t\u00e9cnicas. Incluye merienda de galletas y Cacaolat, adem\u00e1s incluye dos piezas de cer\u00e1mica preseleccionadas y t\u00e9cnicas diferentes cada d\u00eda de la semana.<\/p>","protected":false},"excerpt":{"rendered":"<p>\u00a1Ahorra comprando este pack de 4 casales! A continuaci\u00f3n puedes ver el detalle de los casales: Desde el 30 de Marzo hasta el 2 de Abril Hora: 11:00h, sesi\u00f3n de 2 horas. Solo de Lunes a Jueves. Edad m\u00ednima: 9 a\u00f1os Compra casales individuales aqu\u00ed. Lunes: Cintas y pegatinas Martes: Sellos y Esponja Mi\u00e9rcoles: Plantillas [&hellip;]<\/p>\n","protected":false},"featured_media":2274,"template":"","meta":{"_acf_changed":false},"tipo-de-taller":[],"product_brand":[],"product_cat":[30],"product_tag":[],"class_list":{"0":"post-1453","1":"product","2":"type-product","3":"status-publish","4":"has-post-thumbnail","6":"product_cat-talleres","8":"first","9":"instock","10":"sale","11":"virtual","12":"taxable","13":"purchasable","14":"product-type-simple"},"acf":[],"yoast_head":"<!-- This site is optimized with the Yoast SEO plugin v27.3 - https:\/\/yoast.com\/product\/yoast-seo-wordpress\/ -->\n<title>Pack Casales Creativos - Mood Colors<\/title>\n<meta name=\"description\" content=\"\u00a1Ahorra comprando este pack de 4 casales! Del 30 de Marzo al 2 de Abril.\" \/>\n<meta name=\"robots\" content=\"index, follow, max-snippet:-1, max-image-preview:large, max-video-preview:-1\" \/>\n<link rel=\"canonical\" href=\"https:\/\/mood-colors.com\/ca\/product\/pack-casales-creativos\/\" \/>\n<meta property=\"og:locale\" content=\"ca_ES\" \/>\n<meta property=\"og:type\" content=\"article\" \/>\n<meta property=\"og:title\" content=\"Pack Casales Creativos - Mood Colors\" \/>\n<meta property=\"og:description\" content=\"\u00a1Ahorra comprando este pack de 4 casales! Del 30 de Marzo al 2 de Abril.\" \/>\n<meta property=\"og:url\" content=\"https:\/\/mood-colors.com\/ca\/product\/pack-casales-creativos\/\" \/>\n<meta property=\"og:site_name\" content=\"Mood Colors\" \/>\n<meta property=\"article:publisher\" content=\"https:\/\/www.facebook.com\/profile.php?id=61551704345080\" \/>\n<meta property=\"article:modified_time\" content=\"2026-03-23T14:45:52+00:00\" \/>\n<meta property=\"og:image\" content=\"https:\/\/mood-colors.com\/wp-content\/uploads\/2025\/06\/Frame-23.jpg\" \/>\n\t<meta property=\"og:image:width\" content=\"960\" \/>\n\t<meta property=\"og:image:height\" content=\"960\" \/>\n\t<meta property=\"og:image:type\" content=\"image\/jpeg\" \/>\n<meta name=\"twitter:card\" content=\"summary_large_image\" \/>\n<meta name=\"twitter:label1\" content=\"Temps estimat de lectura\" \/>\n\t<meta name=\"twitter:data1\" content=\"1 minut\" \/>\n<script type=\"application\/ld+json\" class=\"yoast-schema-graph\">{\"@context\":\"https:\\\/\\\/schema.org\",\"@graph\":[{\"@type\":\"WebPage\",\"@id\":\"https:\\\/\\\/mood-colors.com\\\/product\\\/pack-casales-creativos\\\/\",\"url\":\"https:\\\/\\\/mood-colors.com\\\/product\\\/pack-casales-creativos\\\/\",\"name\":\"Pack Casales Creativos - Mood Colors\",\"isPartOf\":{\"@id\":\"https:\\\/\\\/mood-colors.com\\\/#website\"},\"primaryImageOfPage\":{\"@id\":\"https:\\\/\\\/mood-colors.com\\\/product\\\/pack-casales-creativos\\\/#primaryimage\"},\"image\":{\"@id\":\"https:\\\/\\\/mood-colors.com\\\/product\\\/pack-casales-creativos\\\/#primaryimage\"},\"thumbnailUrl\":\"https:\\\/\\\/mood-colors.com\\\/wp-content\\\/uploads\\\/2025\\\/06\\\/Frame-23.jpg\",\"datePublished\":\"2025-06-30T12:59:44+00:00\",\"dateModified\":\"2026-03-23T14:45:52+00:00\",\"description\":\"\u00a1Ahorra comprando este pack de 4 casales! Del 30 de Marzo al 2 de Abril.\",\"breadcrumb\":{\"@id\":\"https:\\\/\\\/mood-colors.com\\\/product\\\/pack-casales-creativos\\\/#breadcrumb\"},\"inLanguage\":\"ca\",\"potentialAction\":[{\"@type\":\"ReadAction\",\"target\":[\"https:\\\/\\\/mood-colors.com\\\/product\\\/pack-casales-creativos\\\/\"]}]},{\"@type\":\"ImageObject\",\"inLanguage\":\"ca\",\"@id\":\"https:\\\/\\\/mood-colors.com\\\/product\\\/pack-casales-creativos\\\/#primaryimage\",\"url\":\"https:\\\/\\\/mood-colors.com\\\/wp-content\\\/uploads\\\/2025\\\/06\\\/Frame-23.jpg\",\"contentUrl\":\"https:\\\/\\\/mood-colors.com\\\/wp-content\\\/uploads\\\/2025\\\/06\\\/Frame-23.jpg\",\"width\":960,\"height\":960},{\"@type\":\"BreadcrumbList\",\"@id\":\"https:\\\/\\\/mood-colors.com\\\/product\\\/pack-casales-creativos\\\/#breadcrumb\",\"itemListElement\":[{\"@type\":\"ListItem\",\"position\":1,\"name\":\"Home\",\"item\":\"https:\\\/\\\/mood-colors.com\\\/\"},{\"@type\":\"ListItem\",\"position\":2,\"name\":\"Tienda\",\"item\":\"https:\\\/\\\/mood-colors.com\\\/tienda\\\/\"},{\"@type\":\"ListItem\",\"position\":3,\"name\":\"Pack Casales Creativos\"}]},{\"@type\":\"WebSite\",\"@id\":\"https:\\\/\\\/mood-colors.com\\\/#website\",\"url\":\"https:\\\/\\\/mood-colors.com\\\/\",\"name\":\"Mood Colors\",\"description\":\"Taller de pintura de cer\u00e1mica en Barcelona\",\"publisher\":{\"@id\":\"https:\\\/\\\/mood-colors.com\\\/#organization\"},\"potentialAction\":[{\"@type\":\"SearchAction\",\"target\":{\"@type\":\"EntryPoint\",\"urlTemplate\":\"https:\\\/\\\/mood-colors.com\\\/?s={search_term_string}\"},\"query-input\":{\"@type\":\"PropertyValueSpecification\",\"valueRequired\":true,\"valueName\":\"search_term_string\"}}],\"inLanguage\":\"ca\"},{\"@type\":\"Organization\",\"@id\":\"https:\\\/\\\/mood-colors.com\\\/#organization\",\"name\":\"Mood Colors\",\"url\":\"https:\\\/\\\/mood-colors.com\\\/\",\"logo\":{\"@type\":\"ImageObject\",\"inLanguage\":\"ca\",\"@id\":\"https:\\\/\\\/mood-colors.com\\\/#\\\/schema\\\/logo\\\/image\\\/\",\"url\":\"https:\\\/\\\/mood-colors.com\\\/wp-content\\\/uploads\\\/2023\\\/06\\\/cropped-cropped-favicon-mood-colors.png\",\"contentUrl\":\"https:\\\/\\\/mood-colors.com\\\/wp-content\\\/uploads\\\/2023\\\/06\\\/cropped-cropped-favicon-mood-colors.png\",\"width\":500,\"height\":500,\"caption\":\"Mood Colors\"},\"image\":{\"@id\":\"https:\\\/\\\/mood-colors.com\\\/#\\\/schema\\\/logo\\\/image\\\/\"},\"sameAs\":[\"https:\\\/\\\/www.facebook.com\\\/profile.php?id=61551704345080\",\"https:\\\/\\\/instagram.com\\\/moodcolors.bcn\",\"https:\\\/\\\/www.tiktok.com\\\/@mood.colors.ceramica?_t=8jRI5rmEwOu&_r=1\"]}]}<\/script>\n<!-- \/ Yoast SEO plugin. -->","yoast_head_json":{"title":"Pack Casales Creativos - Mood Colors","description":"\u00a1Ahorra comprando este pack de 4 casales! Del 30 de Marzo al 2 de Abril.","robots":{"index":"index","follow":"follow","max-snippet":"max-snippet:-1","max-image-preview":"max-image-preview:large","max-video-preview":"max-video-preview:-1"},"canonical":"https:\/\/mood-colors.com\/ca\/product\/pack-casales-creativos\/","og_locale":"ca_ES","og_type":"article","og_title":"Pack Casales Creativos - Mood Colors","og_description":"\u00a1Ahorra comprando este pack de 4 casales! Del 30 de Marzo al 2 de Abril.","og_url":"https:\/\/mood-colors.com\/ca\/product\/pack-casales-creativos\/","og_site_name":"Mood Colors","article_publisher":"https:\/\/www.facebook.com\/profile.php?id=61551704345080","article_modified_time":"2026-03-23T14:45:52+00:00","og_image":[{"width":960,"height":960,"url":"https:\/\/mood-colors.com\/wp-content\/uploads\/2025\/06\/Frame-23.jpg","type":"image\/jpeg"}],"twitter_card":"summary_large_image","twitter_misc":{"Temps estimat de lectura":"1 minut"},"schema":{"@context":"https:\/\/schema.org","@graph":[{"@type":"WebPage","@id":"https:\/\/mood-colors.com\/product\/pack-casales-creativos\/","url":"https:\/\/mood-colors.com\/product\/pack-casales-creativos\/","name":"Pack Casales Creativos - Mood Colors","isPartOf":{"@id":"https:\/\/mood-colors.com\/#website"},"primaryImageOfPage":{"@id":"https:\/\/mood-colors.com\/product\/pack-casales-creativos\/#primaryimage"},"image":{"@id":"https:\/\/mood-colors.com\/product\/pack-casales-creativos\/#primaryimage"},"thumbnailUrl":"https:\/\/mood-colors.com\/wp-content\/uploads\/2025\/06\/Frame-23.jpg","datePublished":"2025-06-30T12:59:44+00:00","dateModified":"2026-03-23T14:45:52+00:00","description":"\u00a1Ahorra comprando este pack de 4 casales! Del 30 de Marzo al 2 de Abril.","breadcrumb":{"@id":"https:\/\/mood-colors.com\/product\/pack-casales-creativos\/#breadcrumb"},"inLanguage":"ca","potentialAction":[{"@type":"ReadAction","target":["https:\/\/mood-colors.com\/product\/pack-casales-creativos\/"]}]},{"@type":"ImageObject","inLanguage":"ca","@id":"https:\/\/mood-colors.com\/product\/pack-casales-creativos\/#primaryimage","url":"https:\/\/mood-colors.com\/wp-content\/uploads\/2025\/06\/Frame-23.jpg","contentUrl":"https:\/\/mood-colors.com\/wp-content\/uploads\/2025\/06\/Frame-23.jpg","width":960,"height":960},{"@type":"BreadcrumbList","@id":"https:\/\/mood-colors.com\/product\/pack-casales-creativos\/#breadcrumb","itemListElement":[{"@type":"ListItem","position":1,"name":"Home","item":"https:\/\/mood-colors.com\/"},{"@type":"ListItem","position":2,"name":"Tienda","item":"https:\/\/mood-colors.com\/tienda\/"},{"@type":"ListItem","position":3,"name":"Pack Casales Creativos"}]},{"@type":"WebSite","@id":"https:\/\/mood-colors.com\/#website","url":"https:\/\/mood-colors.com\/","name":"Mood Colors","description":"Taller de pintura de cer\u00e0mica a Barcelona","publisher":{"@id":"https:\/\/mood-colors.com\/#organization"},"potentialAction":[{"@type":"SearchAction","target":{"@type":"EntryPoint","urlTemplate":"https:\/\/mood-colors.com\/?s={search_term_string}"},"query-input":{"@type":"PropertyValueSpecification","valueRequired":true,"valueName":"search_term_string"}}],"inLanguage":"ca"},{"@type":"Organization","@id":"https:\/\/mood-colors.com\/#organization","name":"Mood Colors","url":"https:\/\/mood-colors.com\/","logo":{"@type":"ImageObject","inLanguage":"ca","@id":"https:\/\/mood-colors.com\/#\/schema\/logo\/image\/","url":"https:\/\/mood-colors.com\/wp-content\/uploads\/2023\/06\/cropped-cropped-favicon-mood-colors.png","contentUrl":"https:\/\/mood-colors.com\/wp-content\/uploads\/2023\/06\/cropped-cropped-favicon-mood-colors.png","width":500,"height":500,"caption":"Mood Colors"},"image":{"@id":"https:\/\/mood-colors.com\/#\/schema\/logo\/image\/"},"sameAs":["https:\/\/www.facebook.com\/profile.php?id=61551704345080","https:\/\/instagram.com\/moodcolors.bcn","https:\/\/www.tiktok.com\/@mood.colors.ceramica?_t=8jRI5rmEwOu&_r=1"]}]}},"_links":{"self":[{"href":"https:\/\/mood-colors.com\/ca\/wp-json\/wp\/v2\/product\/1453","targetHints":{"allow":["GET"]}}],"collection":[{"href":"https:\/\/mood-colors.com\/ca\/wp-json\/wp\/v2\/product"}],"about":[{"href":"https:\/\/mood-colors.com\/ca\/wp-json\/wp\/v2\/types\/product"}],"wp:featuredmedia":[{"embeddable":true,"href":"https:\/\/mood-colors.com\/ca\/wp-json\/wp\/v2\/media\/2274"}],"wp:attachment":[{"href":"https:\/\/mood-colors.com\/ca\/wp-json\/wp\/v2\/media?parent=1453"}],"wp:term":[{"taxonomy":"tipo-de-taller","embeddable":true,"href":"https:\/\/mood-colors.com\/ca\/wp-json\/wp\/v2\/tipo-de-taller?post=1453"},{"taxonomy":"product_brand","embeddable":true,"href":"https:\/\/mood-colors.com\/ca\/wp-json\/wp\/v2\/product_brand?post=1453"},{"taxonomy":"product_cat","embeddable":true,"href":"https:\/\/mood-colors.com\/ca\/wp-json\/wp\/v2\/product_cat?post=1453"},{"taxonomy":"product_tag","embeddable":true,"href":"https:\/\/mood-colors.com\/ca\/wp-json\/wp\/v2\/product_tag?post=1453"}],"curies":[{"name":"wp","href":"https:\/\/api.w.org\/{rel}","templated":true}]}}