{"id":1390,"date":"2025-07-14T13:53:08","date_gmt":"2025-07-14T11:53:08","guid":{"rendered":"https:\/\/mood-colors.com\/?post_type=product&#038;p=1390"},"modified":"2026-03-04T12:06:59","modified_gmt":"2026-03-04T11:06:59","slug":"barniz-mate","status":"publish","type":"product","link":"https:\/\/mood-colors.com\/ca\/product\/barniz-mate\/","title":{"rendered":"Barniz mate"},"content":{"rendered":"<p>Nuestro\u00a0<strong>Barniz Mate<\/strong>\u00a0ha sido especialmente formulado para ofrecer una\u00a0<strong>capa de protecci\u00f3n extra<\/strong>\u00a0sin alterar el acabado aterciopelado de tus muebles pintados con chalk paint. Su acabado totalmente mate conserva el aspecto natural de la pintura, mientras aporta resistencia al uso diario.<\/p>\n<p>Ideal para\u00a0<strong>muebles de alto tr\u00e1fico<\/strong>\u00a0como superficies de comedores, pisos, estanter\u00edas o gabinetes de cocina. Tambi\u00e9n es una excelente opci\u00f3n para\u00a0<strong>muebles de exterior bajo techo o semicubiertos<\/strong>.<\/p>","protected":false},"excerpt":{"rendered":"<p>Nuestro\u00a0Barniz Mate\u00a0ha sido especialmente formulado para ofrecer una\u00a0capa de protecci\u00f3n extra\u00a0sin alterar el acabado aterciopelado de tus muebles pintados con chalk paint. Su acabado totalmente mate conserva el aspecto natural de la pintura, mientras aporta resistencia al uso diario. Ideal para\u00a0muebles de alto tr\u00e1fico\u00a0como superficies de comedores, pisos, estanter\u00edas o gabinetes de cocina. Tambi\u00e9n es [&hellip;]<\/p>\n","protected":false},"featured_media":1701,"template":"","meta":{"_acf_changed":false},"tipo-de-taller":[],"product_brand":[],"product_cat":[51],"product_tag":[],"class_list":{"0":"post-1390","1":"product","2":"type-product","3":"status-publish","4":"has-post-thumbnail","6":"product_cat-barniz","8":"first","9":"instock","10":"taxable","11":"shipping-taxable","12":"purchasable","13":"product-type-variable","14":"rtwpvg-product"},"acf":[],"yoast_head":"<!-- This site is optimized with the Yoast SEO plugin v27.3 - https:\/\/yoast.com\/product\/yoast-seo-wordpress\/ -->\n<title>Barniz mate - Mood Colors<\/title>\n<meta name=\"robots\" content=\"index, follow, max-snippet:-1, max-image-preview:large, max-video-preview:-1\" \/>\n<link rel=\"canonical\" href=\"https:\/\/mood-colors.com\/ca\/product\/barniz-mate\/\" \/>\n<meta property=\"og:locale\" content=\"ca_ES\" \/>\n<meta property=\"og:type\" content=\"article\" \/>\n<meta property=\"og:title\" content=\"Barniz mate - Mood Colors\" \/>\n<meta property=\"og:description\" content=\"Nuestro\u00a0Barniz Mate\u00a0ha sido especialmente formulado para ofrecer una\u00a0capa de protecci\u00f3n extra\u00a0sin alterar el acabado aterciopelado de tus muebles pintados con chalk paint. Su acabado totalmente mate conserva el aspecto natural de la pintura, mientras aporta resistencia al uso diario. Ideal para\u00a0muebles de alto tr\u00e1fico\u00a0como superficies de comedores, pisos, estanter\u00edas o gabinetes de cocina. Tambi\u00e9n es [&hellip;]\" \/>\n<meta property=\"og:url\" content=\"https:\/\/mood-colors.com\/ca\/product\/barniz-mate\/\" \/>\n<meta property=\"og:site_name\" content=\"Mood Colors\" \/>\n<meta property=\"article:publisher\" content=\"https:\/\/www.facebook.com\/profile.php?id=61551704345080\" \/>\n<meta property=\"article:modified_time\" content=\"2026-03-04T11:06:59+00:00\" \/>\n<meta property=\"og:image\" content=\"https:\/\/mood-colors.com\/wp-content\/uploads\/2025\/07\/barniz-peq.jpg\" \/>\n\t<meta property=\"og:image:width\" content=\"1098\" \/>\n\t<meta property=\"og:image:height\" content=\"1098\" \/>\n\t<meta property=\"og:image:type\" content=\"image\/jpeg\" \/>\n<meta name=\"twitter:card\" content=\"summary_large_image\" \/>\n<meta name=\"twitter:label1\" content=\"Temps estimat de lectura\" \/>\n\t<meta name=\"twitter:data1\" content=\"1 minut\" \/>\n<script type=\"application\/ld+json\" class=\"yoast-schema-graph\">{\"@context\":\"https:\\\/\\\/schema.org\",\"@graph\":[{\"@type\":\"WebPage\",\"@id\":\"https:\\\/\\\/mood-colors.com\\\/product\\\/barniz-mate\\\/\",\"url\":\"https:\\\/\\\/mood-colors.com\\\/product\\\/barniz-mate\\\/\",\"name\":\"Barniz mate - Mood Colors\",\"isPartOf\":{\"@id\":\"https:\\\/\\\/mood-colors.com\\\/#website\"},\"primaryImageOfPage\":{\"@id\":\"https:\\\/\\\/mood-colors.com\\\/product\\\/barniz-mate\\\/#primaryimage\"},\"image\":{\"@id\":\"https:\\\/\\\/mood-colors.com\\\/product\\\/barniz-mate\\\/#primaryimage\"},\"thumbnailUrl\":\"https:\\\/\\\/mood-colors.com\\\/wp-content\\\/uploads\\\/2025\\\/07\\\/barniz-peq.jpg\",\"datePublished\":\"2025-07-14T11:53:08+00:00\",\"dateModified\":\"2026-03-04T11:06:59+00:00\",\"breadcrumb\":{\"@id\":\"https:\\\/\\\/mood-colors.com\\\/product\\\/barniz-mate\\\/#breadcrumb\"},\"inLanguage\":\"ca\",\"potentialAction\":[{\"@type\":\"ReadAction\",\"target\":[\"https:\\\/\\\/mood-colors.com\\\/product\\\/barniz-mate\\\/\"]}]},{\"@type\":\"ImageObject\",\"inLanguage\":\"ca\",\"@id\":\"https:\\\/\\\/mood-colors.com\\\/product\\\/barniz-mate\\\/#primaryimage\",\"url\":\"https:\\\/\\\/mood-colors.com\\\/wp-content\\\/uploads\\\/2025\\\/07\\\/barniz-peq.jpg\",\"contentUrl\":\"https:\\\/\\\/mood-colors.com\\\/wp-content\\\/uploads\\\/2025\\\/07\\\/barniz-peq.jpg\",\"width\":1098,\"height\":1098},{\"@type\":\"BreadcrumbList\",\"@id\":\"https:\\\/\\\/mood-colors.com\\\/product\\\/barniz-mate\\\/#breadcrumb\",\"itemListElement\":[{\"@type\":\"ListItem\",\"position\":1,\"name\":\"Home\",\"item\":\"https:\\\/\\\/mood-colors.com\\\/\"},{\"@type\":\"ListItem\",\"position\":2,\"name\":\"Tienda\",\"item\":\"https:\\\/\\\/mood-colors.com\\\/tienda\\\/\"},{\"@type\":\"ListItem\",\"position\":3,\"name\":\"Barniz mate\"}]},{\"@type\":\"WebSite\",\"@id\":\"https:\\\/\\\/mood-colors.com\\\/#website\",\"url\":\"https:\\\/\\\/mood-colors.com\\\/\",\"name\":\"Mood Colors\",\"description\":\"Taller de pintura de cer\u00e1mica en Barcelona\",\"publisher\":{\"@id\":\"https:\\\/\\\/mood-colors.com\\\/#organization\"},\"potentialAction\":[{\"@type\":\"SearchAction\",\"target\":{\"@type\":\"EntryPoint\",\"urlTemplate\":\"https:\\\/\\\/mood-colors.com\\\/?s={search_term_string}\"},\"query-input\":{\"@type\":\"PropertyValueSpecification\",\"valueRequired\":true,\"valueName\":\"search_term_string\"}}],\"inLanguage\":\"ca\"},{\"@type\":\"Organization\",\"@id\":\"https:\\\/\\\/mood-colors.com\\\/#organization\",\"name\":\"Mood Colors\",\"url\":\"https:\\\/\\\/mood-colors.com\\\/\",\"logo\":{\"@type\":\"ImageObject\",\"inLanguage\":\"ca\",\"@id\":\"https:\\\/\\\/mood-colors.com\\\/#\\\/schema\\\/logo\\\/image\\\/\",\"url\":\"https:\\\/\\\/mood-colors.com\\\/wp-content\\\/uploads\\\/2023\\\/06\\\/cropped-cropped-favicon-mood-colors.png\",\"contentUrl\":\"https:\\\/\\\/mood-colors.com\\\/wp-content\\\/uploads\\\/2023\\\/06\\\/cropped-cropped-favicon-mood-colors.png\",\"width\":500,\"height\":500,\"caption\":\"Mood Colors\"},\"image\":{\"@id\":\"https:\\\/\\\/mood-colors.com\\\/#\\\/schema\\\/logo\\\/image\\\/\"},\"sameAs\":[\"https:\\\/\\\/www.facebook.com\\\/profile.php?id=61551704345080\",\"https:\\\/\\\/instagram.com\\\/moodcolors.bcn\",\"https:\\\/\\\/www.tiktok.com\\\/@mood.colors.ceramica?_t=8jRI5rmEwOu&_r=1\"]}]}<\/script>\n<!-- \/ Yoast SEO plugin. -->","yoast_head_json":{"title":"Barniz mate - Mood Colors","robots":{"index":"index","follow":"follow","max-snippet":"max-snippet:-1","max-image-preview":"max-image-preview:large","max-video-preview":"max-video-preview:-1"},"canonical":"https:\/\/mood-colors.com\/ca\/product\/barniz-mate\/","og_locale":"ca_ES","og_type":"article","og_title":"Barniz mate - Mood Colors","og_description":"Nuestro\u00a0Barniz Mate\u00a0ha sido especialmente formulado para ofrecer una\u00a0capa de protecci\u00f3n extra\u00a0sin alterar el acabado aterciopelado de tus muebles pintados con chalk paint. Su acabado totalmente mate conserva el aspecto natural de la pintura, mientras aporta resistencia al uso diario. Ideal para\u00a0muebles de alto tr\u00e1fico\u00a0como superficies de comedores, pisos, estanter\u00edas o gabinetes de cocina. Tambi\u00e9n es [&hellip;]","og_url":"https:\/\/mood-colors.com\/ca\/product\/barniz-mate\/","og_site_name":"Mood Colors","article_publisher":"https:\/\/www.facebook.com\/profile.php?id=61551704345080","article_modified_time":"2026-03-04T11:06:59+00:00","og_image":[{"width":1098,"height":1098,"url":"https:\/\/mood-colors.com\/wp-content\/uploads\/2025\/07\/barniz-peq.jpg","type":"image\/jpeg"}],"twitter_card":"summary_large_image","twitter_misc":{"Temps estimat de lectura":"1 minut"},"schema":{"@context":"https:\/\/schema.org","@graph":[{"@type":"WebPage","@id":"https:\/\/mood-colors.com\/product\/barniz-mate\/","url":"https:\/\/mood-colors.com\/product\/barniz-mate\/","name":"Barniz mate - Mood Colors","isPartOf":{"@id":"https:\/\/mood-colors.com\/#website"},"primaryImageOfPage":{"@id":"https:\/\/mood-colors.com\/product\/barniz-mate\/#primaryimage"},"image":{"@id":"https:\/\/mood-colors.com\/product\/barniz-mate\/#primaryimage"},"thumbnailUrl":"https:\/\/mood-colors.com\/wp-content\/uploads\/2025\/07\/barniz-peq.jpg","datePublished":"2025-07-14T11:53:08+00:00","dateModified":"2026-03-04T11:06:59+00:00","breadcrumb":{"@id":"https:\/\/mood-colors.com\/product\/barniz-mate\/#breadcrumb"},"inLanguage":"ca","potentialAction":[{"@type":"ReadAction","target":["https:\/\/mood-colors.com\/product\/barniz-mate\/"]}]},{"@type":"ImageObject","inLanguage":"ca","@id":"https:\/\/mood-colors.com\/product\/barniz-mate\/#primaryimage","url":"https:\/\/mood-colors.com\/wp-content\/uploads\/2025\/07\/barniz-peq.jpg","contentUrl":"https:\/\/mood-colors.com\/wp-content\/uploads\/2025\/07\/barniz-peq.jpg","width":1098,"height":1098},{"@type":"BreadcrumbList","@id":"https:\/\/mood-colors.com\/product\/barniz-mate\/#breadcrumb","itemListElement":[{"@type":"ListItem","position":1,"name":"Home","item":"https:\/\/mood-colors.com\/"},{"@type":"ListItem","position":2,"name":"Tienda","item":"https:\/\/mood-colors.com\/tienda\/"},{"@type":"ListItem","position":3,"name":"Barniz mate"}]},{"@type":"WebSite","@id":"https:\/\/mood-colors.com\/#website","url":"https:\/\/mood-colors.com\/","name":"Mood Colors","description":"Taller de pintura de cer\u00e0mica a Barcelona","publisher":{"@id":"https:\/\/mood-colors.com\/#organization"},"potentialAction":[{"@type":"SearchAction","target":{"@type":"EntryPoint","urlTemplate":"https:\/\/mood-colors.com\/?s={search_term_string}"},"query-input":{"@type":"PropertyValueSpecification","valueRequired":true,"valueName":"search_term_string"}}],"inLanguage":"ca"},{"@type":"Organization","@id":"https:\/\/mood-colors.com\/#organization","name":"Mood Colors","url":"https:\/\/mood-colors.com\/","logo":{"@type":"ImageObject","inLanguage":"ca","@id":"https:\/\/mood-colors.com\/#\/schema\/logo\/image\/","url":"https:\/\/mood-colors.com\/wp-content\/uploads\/2023\/06\/cropped-cropped-favicon-mood-colors.png","contentUrl":"https:\/\/mood-colors.com\/wp-content\/uploads\/2023\/06\/cropped-cropped-favicon-mood-colors.png","width":500,"height":500,"caption":"Mood Colors"},"image":{"@id":"https:\/\/mood-colors.com\/#\/schema\/logo\/image\/"},"sameAs":["https:\/\/www.facebook.com\/profile.php?id=61551704345080","https:\/\/instagram.com\/moodcolors.bcn","https:\/\/www.tiktok.com\/@mood.colors.ceramica?_t=8jRI5rmEwOu&_r=1"]}]}},"_links":{"self":[{"href":"https:\/\/mood-colors.com\/ca\/wp-json\/wp\/v2\/product\/1390","targetHints":{"allow":["GET"]}}],"collection":[{"href":"https:\/\/mood-colors.com\/ca\/wp-json\/wp\/v2\/product"}],"about":[{"href":"https:\/\/mood-colors.com\/ca\/wp-json\/wp\/v2\/types\/product"}],"wp:featuredmedia":[{"embeddable":true,"href":"https:\/\/mood-colors.com\/ca\/wp-json\/wp\/v2\/media\/1701"}],"wp:attachment":[{"href":"https:\/\/mood-colors.com\/ca\/wp-json\/wp\/v2\/media?parent=1390"}],"wp:term":[{"taxonomy":"tipo-de-taller","embeddable":true,"href":"https:\/\/mood-colors.com\/ca\/wp-json\/wp\/v2\/tipo-de-taller?post=1390"},{"taxonomy":"product_brand","embeddable":true,"href":"https:\/\/mood-colors.com\/ca\/wp-json\/wp\/v2\/product_brand?post=1390"},{"taxonomy":"product_cat","embeddable":true,"href":"https:\/\/mood-colors.com\/ca\/wp-json\/wp\/v2\/product_cat?post=1390"},{"taxonomy":"product_tag","embeddable":true,"href":"https:\/\/mood-colors.com\/ca\/wp-json\/wp\/v2\/product_tag?post=1390"}],"curies":[{"name":"wp","href":"https:\/\/api.w.org\/{rel}","templated":true}]}}