{"id":720,"date":"2024-09-25T10:07:32","date_gmt":"2024-09-25T08:07:32","guid":{"rendered":"https:\/\/mood-colors.com\/?page_id=720"},"modified":"2025-05-30T12:02:33","modified_gmt":"2025-05-30T10:02:33","slug":"talleres-pintura-ceramica","status":"publish","type":"page","link":"https:\/\/mood-colors.com\/ca\/talleres-pintura-ceramica\/","title":{"rendered":"Tallers de pintura de cer\u00e0mica"},"content":{"rendered":"","protected":false},"excerpt":{"rendered":"","protected":false},"author":2,"featured_media":0,"parent":0,"menu_order":0,"comment_status":"closed","ping_status":"closed","template":"","meta":{"_acf_changed":false,"footnotes":""},"class_list":["post-720","page","type-page","status-publish","hentry"],"acf":[],"yoast_head":"<!-- This site is optimized with the Yoast SEO plugin v27.2 - https:\/\/yoast.com\/product\/yoast-seo-wordpress\/ -->\n<title>Talleres de pintura de cer\u00e1mica en Barcelona<\/title>\n<meta name=\"description\" content=\"Talleres de pintura de cer\u00e1mica dirigido en Barcelona. Disfruta de una experiencia creativa y lleva a casa tus propias piezas de cer\u00e1mica.\" \/>\n<meta name=\"robots\" content=\"index, follow, max-snippet:-1, max-image-preview:large, max-video-preview:-1\" \/>\n<link rel=\"canonical\" href=\"https:\/\/mood-colors.com\/ca\/talleres-pintura-ceramica\/\" \/>\n<meta property=\"og:locale\" content=\"ca_ES\" \/>\n<meta property=\"og:type\" content=\"article\" \/>\n<meta property=\"og:title\" content=\"Talleres de pintura de cer\u00e1mica en Barcelona\" \/>\n<meta property=\"og:description\" content=\"Talleres de pintura de cer\u00e1mica dirigido en Barcelona. Disfruta de una experiencia creativa y lleva a casa tus propias piezas de cer\u00e1mica.\" \/>\n<meta property=\"og:url\" content=\"https:\/\/mood-colors.com\/ca\/talleres-pintura-ceramica\/\" \/>\n<meta property=\"og:site_name\" content=\"Mood Colors\" \/>\n<meta property=\"article:publisher\" content=\"https:\/\/www.facebook.com\/profile.php?id=61551704345080\" \/>\n<meta property=\"article:modified_time\" content=\"2025-05-30T10:02:33+00:00\" \/>\n<meta name=\"twitter:card\" content=\"summary_large_image\" \/>\n<meta name=\"twitter:label1\" content=\"Temps estimat de lectura\" \/>\n\t<meta name=\"twitter:data1\" content=\"3 minuts\" \/>\n<script type=\"application\/ld+json\" class=\"yoast-schema-graph\">{\"@context\":\"https:\/\/schema.org\",\"@graph\":[{\"@type\":\"WebPage\",\"@id\":\"https:\/\/mood-colors.com\/talleres-pintura-ceramica\/\",\"url\":\"https:\/\/mood-colors.com\/talleres-pintura-ceramica\/\",\"name\":\"Talleres de pintura de cer\u00e1mica en Barcelona\",\"isPartOf\":{\"@id\":\"https:\/\/mood-colors.com\/#website\"},\"datePublished\":\"2024-09-25T08:07:32+00:00\",\"dateModified\":\"2025-05-30T10:02:33+00:00\",\"description\":\"Talleres de pintura de cer\u00e1mica dirigido en Barcelona. Disfruta de una experiencia creativa y lleva a casa tus propias piezas de cer\u00e1mica.\",\"breadcrumb\":{\"@id\":\"https:\/\/mood-colors.com\/talleres-pintura-ceramica\/#breadcrumb\"},\"inLanguage\":\"ca\",\"potentialAction\":[{\"@type\":\"ReadAction\",\"target\":[\"https:\/\/mood-colors.com\/talleres-pintura-ceramica\/\"]}]},{\"@type\":\"BreadcrumbList\",\"@id\":\"https:\/\/mood-colors.com\/talleres-pintura-ceramica\/#breadcrumb\",\"itemListElement\":[{\"@type\":\"ListItem\",\"position\":1,\"name\":\"Home\",\"item\":\"https:\/\/mood-colors.com\/\"},{\"@type\":\"ListItem\",\"position\":2,\"name\":\"Talleres de pintura de cer\u00e1mica\"}]},{\"@type\":\"WebSite\",\"@id\":\"https:\/\/mood-colors.com\/#website\",\"url\":\"https:\/\/mood-colors.com\/\",\"name\":\"Mood Colors\",\"description\":\"Taller de pintura de cer\u00e1mica en Barcelona\",\"publisher\":{\"@id\":\"https:\/\/mood-colors.com\/#organization\"},\"potentialAction\":[{\"@type\":\"SearchAction\",\"target\":{\"@type\":\"EntryPoint\",\"urlTemplate\":\"https:\/\/mood-colors.com\/?s={search_term_string}\"},\"query-input\":{\"@type\":\"PropertyValueSpecification\",\"valueRequired\":true,\"valueName\":\"search_term_string\"}}],\"inLanguage\":\"ca\"},{\"@type\":\"Organization\",\"@id\":\"https:\/\/mood-colors.com\/#organization\",\"name\":\"Mood Colors\",\"url\":\"https:\/\/mood-colors.com\/\",\"logo\":{\"@type\":\"ImageObject\",\"inLanguage\":\"ca\",\"@id\":\"https:\/\/mood-colors.com\/#\/schema\/logo\/image\/\",\"url\":\"https:\/\/mood-colors.com\/wp-content\/uploads\/2023\/06\/cropped-cropped-favicon-mood-colors.png\",\"contentUrl\":\"https:\/\/mood-colors.com\/wp-content\/uploads\/2023\/06\/cropped-cropped-favicon-mood-colors.png\",\"width\":500,\"height\":500,\"caption\":\"Mood Colors\"},\"image\":{\"@id\":\"https:\/\/mood-colors.com\/#\/schema\/logo\/image\/\"},\"sameAs\":[\"https:\/\/www.facebook.com\/profile.php?id=61551704345080\",\"https:\/\/instagram.com\/moodcolors.bcn\",\"https:\/\/www.tiktok.com\/@mood.colors.ceramica?_t=8jRI5rmEwOu&_r=1\"]}]}<\/script>\n<!-- \/ Yoast SEO plugin. -->","yoast_head_json":{"title":"Talleres de pintura de cer\u00e1mica en Barcelona","description":"Talleres de pintura de cer\u00e1mica dirigido en Barcelona. Disfruta de una experiencia creativa y lleva a casa tus propias piezas de cer\u00e1mica.","robots":{"index":"index","follow":"follow","max-snippet":"max-snippet:-1","max-image-preview":"max-image-preview:large","max-video-preview":"max-video-preview:-1"},"canonical":"https:\/\/mood-colors.com\/ca\/talleres-pintura-ceramica\/","og_locale":"ca_ES","og_type":"article","og_title":"Talleres de pintura de cer\u00e1mica en Barcelona","og_description":"Talleres de pintura de cer\u00e1mica dirigido en Barcelona. Disfruta de una experiencia creativa y lleva a casa tus propias piezas de cer\u00e1mica.","og_url":"https:\/\/mood-colors.com\/ca\/talleres-pintura-ceramica\/","og_site_name":"Mood Colors","article_publisher":"https:\/\/www.facebook.com\/profile.php?id=61551704345080","article_modified_time":"2025-05-30T10:02:33+00:00","twitter_card":"summary_large_image","twitter_misc":{"Temps estimat de lectura":"3 minuts"},"schema":{"@context":"https:\/\/schema.org","@graph":[{"@type":"WebPage","@id":"https:\/\/mood-colors.com\/talleres-pintura-ceramica\/","url":"https:\/\/mood-colors.com\/talleres-pintura-ceramica\/","name":"Talleres de pintura de cer\u00e1mica en Barcelona","isPartOf":{"@id":"https:\/\/mood-colors.com\/#website"},"datePublished":"2024-09-25T08:07:32+00:00","dateModified":"2025-05-30T10:02:33+00:00","description":"Talleres de pintura de cer\u00e1mica dirigido en Barcelona. Disfruta de una experiencia creativa y lleva a casa tus propias piezas de cer\u00e1mica.","breadcrumb":{"@id":"https:\/\/mood-colors.com\/talleres-pintura-ceramica\/#breadcrumb"},"inLanguage":"ca","potentialAction":[{"@type":"ReadAction","target":["https:\/\/mood-colors.com\/talleres-pintura-ceramica\/"]}]},{"@type":"BreadcrumbList","@id":"https:\/\/mood-colors.com\/talleres-pintura-ceramica\/#breadcrumb","itemListElement":[{"@type":"ListItem","position":1,"name":"Home","item":"https:\/\/mood-colors.com\/"},{"@type":"ListItem","position":2,"name":"Talleres de pintura de cer\u00e1mica"}]},{"@type":"WebSite","@id":"https:\/\/mood-colors.com\/#website","url":"https:\/\/mood-colors.com\/","name":"Mood Colors","description":"Taller de pintura de cer\u00e0mica a Barcelona","publisher":{"@id":"https:\/\/mood-colors.com\/#organization"},"potentialAction":[{"@type":"SearchAction","target":{"@type":"EntryPoint","urlTemplate":"https:\/\/mood-colors.com\/?s={search_term_string}"},"query-input":{"@type":"PropertyValueSpecification","valueRequired":true,"valueName":"search_term_string"}}],"inLanguage":"ca"},{"@type":"Organization","@id":"https:\/\/mood-colors.com\/#organization","name":"Mood Colors","url":"https:\/\/mood-colors.com\/","logo":{"@type":"ImageObject","inLanguage":"ca","@id":"https:\/\/mood-colors.com\/#\/schema\/logo\/image\/","url":"https:\/\/mood-colors.com\/wp-content\/uploads\/2023\/06\/cropped-cropped-favicon-mood-colors.png","contentUrl":"https:\/\/mood-colors.com\/wp-content\/uploads\/2023\/06\/cropped-cropped-favicon-mood-colors.png","width":500,"height":500,"caption":"Mood Colors"},"image":{"@id":"https:\/\/mood-colors.com\/#\/schema\/logo\/image\/"},"sameAs":["https:\/\/www.facebook.com\/profile.php?id=61551704345080","https:\/\/instagram.com\/moodcolors.bcn","https:\/\/www.tiktok.com\/@mood.colors.ceramica?_t=8jRI5rmEwOu&_r=1"]}]}},"_links":{"self":[{"href":"https:\/\/mood-colors.com\/ca\/wp-json\/wp\/v2\/pages\/720","targetHints":{"allow":["GET"]}}],"collection":[{"href":"https:\/\/mood-colors.com\/ca\/wp-json\/wp\/v2\/pages"}],"about":[{"href":"https:\/\/mood-colors.com\/ca\/wp-json\/wp\/v2\/types\/page"}],"author":[{"embeddable":true,"href":"https:\/\/mood-colors.com\/ca\/wp-json\/wp\/v2\/users\/2"}],"replies":[{"embeddable":true,"href":"https:\/\/mood-colors.com\/ca\/wp-json\/wp\/v2\/comments?post=720"}],"version-history":[{"count":2,"href":"https:\/\/mood-colors.com\/ca\/wp-json\/wp\/v2\/pages\/720\/revisions"}],"predecessor-version":[{"id":1419,"href":"https:\/\/mood-colors.com\/ca\/wp-json\/wp\/v2\/pages\/720\/revisions\/1419"}],"wp:attachment":[{"href":"https:\/\/mood-colors.com\/ca\/wp-json\/wp\/v2\/media?parent=720"}],"curies":[{"name":"wp","href":"https:\/\/api.w.org\/{rel}","templated":true}]}}