{"id":1169,"date":"2025-04-23T09:46:19","date_gmt":"2025-04-23T07:46:19","guid":{"rendered":"https:\/\/mood-colors.com\/?page_id=1169"},"modified":"2025-04-23T09:47:16","modified_gmt":"2025-04-23T07:47:16","slug":"fidelizacion-mood-card","status":"publish","type":"page","link":"https:\/\/mood-colors.com\/ca\/fidelizacion-mood-card\/","title":{"rendered":"Mood Card"},"content":{"rendered":"","protected":false},"excerpt":{"rendered":"","protected":false},"author":2,"featured_media":0,"parent":0,"menu_order":0,"comment_status":"closed","ping_status":"closed","template":"","meta":{"_acf_changed":false,"footnotes":""},"class_list":["post-1169","page","type-page","status-publish","hentry"],"acf":[],"yoast_head":"<!-- This site is optimized with the Yoast SEO plugin v27.3 - https:\/\/yoast.com\/product\/yoast-seo-wordpress\/ -->\n<title>Mood Card - Tu nos eliges, nosotros te premiamos<\/title>\n<meta name=\"description\" content=\"Nueva tarjeta de fidelizaci\u00f3n digital Mood Card. Reg\u00edstrate ahora y recibe 15% de descuento en tu pr\u00f3xima visita.\" \/>\n<meta name=\"robots\" content=\"index, follow, max-snippet:-1, max-image-preview:large, max-video-preview:-1\" \/>\n<link rel=\"canonical\" href=\"https:\/\/mood-colors.com\/ca\/fidelizacion-mood-card\/\" \/>\n<meta property=\"og:locale\" content=\"ca_ES\" \/>\n<meta property=\"og:type\" content=\"article\" \/>\n<meta property=\"og:title\" content=\"Mood Card - Tu nos eliges, nosotros te premiamos\" \/>\n<meta property=\"og:description\" content=\"Nueva tarjeta de fidelizaci\u00f3n digital Mood Card. Reg\u00edstrate ahora y recibe 15% de descuento en tu pr\u00f3xima visita.\" \/>\n<meta property=\"og:url\" content=\"https:\/\/mood-colors.com\/ca\/fidelizacion-mood-card\/\" \/>\n<meta property=\"og:site_name\" content=\"Mood Colors\" \/>\n<meta property=\"article:publisher\" content=\"https:\/\/www.facebook.com\/profile.php?id=61551704345080\" \/>\n<meta property=\"article:modified_time\" content=\"2025-04-23T07:47:16+00:00\" \/>\n<meta name=\"twitter:card\" content=\"summary_large_image\" \/>\n<meta name=\"twitter:label1\" content=\"Temps estimat de lectura\" \/>\n\t<meta name=\"twitter:data1\" content=\"1 minut\" \/>\n<script type=\"application\/ld+json\" class=\"yoast-schema-graph\">{\"@context\":\"https:\\\/\\\/schema.org\",\"@graph\":[{\"@type\":\"WebPage\",\"@id\":\"https:\\\/\\\/mood-colors.com\\\/fidelizacion-mood-card\\\/\",\"url\":\"https:\\\/\\\/mood-colors.com\\\/fidelizacion-mood-card\\\/\",\"name\":\"Mood Card - Tu nos eliges, nosotros te premiamos\",\"isPartOf\":{\"@id\":\"https:\\\/\\\/mood-colors.com\\\/#website\"},\"datePublished\":\"2025-04-23T07:46:19+00:00\",\"dateModified\":\"2025-04-23T07:47:16+00:00\",\"description\":\"Nueva tarjeta de fidelizaci\u00f3n digital Mood Card. Reg\u00edstrate ahora y recibe 15% de descuento en tu pr\u00f3xima visita.\",\"breadcrumb\":{\"@id\":\"https:\\\/\\\/mood-colors.com\\\/fidelizacion-mood-card\\\/#breadcrumb\"},\"inLanguage\":\"ca\",\"potentialAction\":[{\"@type\":\"ReadAction\",\"target\":[\"https:\\\/\\\/mood-colors.com\\\/fidelizacion-mood-card\\\/\"]}]},{\"@type\":\"BreadcrumbList\",\"@id\":\"https:\\\/\\\/mood-colors.com\\\/fidelizacion-mood-card\\\/#breadcrumb\",\"itemListElement\":[{\"@type\":\"ListItem\",\"position\":1,\"name\":\"Home\",\"item\":\"https:\\\/\\\/mood-colors.com\\\/\"},{\"@type\":\"ListItem\",\"position\":2,\"name\":\"Mood Card\"}]},{\"@type\":\"WebSite\",\"@id\":\"https:\\\/\\\/mood-colors.com\\\/#website\",\"url\":\"https:\\\/\\\/mood-colors.com\\\/\",\"name\":\"Mood Colors\",\"description\":\"Taller de pintura de cer\u00e1mica en Barcelona\",\"publisher\":{\"@id\":\"https:\\\/\\\/mood-colors.com\\\/#organization\"},\"potentialAction\":[{\"@type\":\"SearchAction\",\"target\":{\"@type\":\"EntryPoint\",\"urlTemplate\":\"https:\\\/\\\/mood-colors.com\\\/?s={search_term_string}\"},\"query-input\":{\"@type\":\"PropertyValueSpecification\",\"valueRequired\":true,\"valueName\":\"search_term_string\"}}],\"inLanguage\":\"ca\"},{\"@type\":\"Organization\",\"@id\":\"https:\\\/\\\/mood-colors.com\\\/#organization\",\"name\":\"Mood Colors\",\"url\":\"https:\\\/\\\/mood-colors.com\\\/\",\"logo\":{\"@type\":\"ImageObject\",\"inLanguage\":\"ca\",\"@id\":\"https:\\\/\\\/mood-colors.com\\\/#\\\/schema\\\/logo\\\/image\\\/\",\"url\":\"https:\\\/\\\/mood-colors.com\\\/wp-content\\\/uploads\\\/2023\\\/06\\\/cropped-cropped-favicon-mood-colors.png\",\"contentUrl\":\"https:\\\/\\\/mood-colors.com\\\/wp-content\\\/uploads\\\/2023\\\/06\\\/cropped-cropped-favicon-mood-colors.png\",\"width\":500,\"height\":500,\"caption\":\"Mood Colors\"},\"image\":{\"@id\":\"https:\\\/\\\/mood-colors.com\\\/#\\\/schema\\\/logo\\\/image\\\/\"},\"sameAs\":[\"https:\\\/\\\/www.facebook.com\\\/profile.php?id=61551704345080\",\"https:\\\/\\\/instagram.com\\\/moodcolors.bcn\",\"https:\\\/\\\/www.tiktok.com\\\/@mood.colors.ceramica?_t=8jRI5rmEwOu&_r=1\"]}]}<\/script>\n<!-- \/ Yoast SEO plugin. -->","yoast_head_json":{"title":"Mood Card - Tu nos eliges, nosotros te premiamos","description":"Nueva tarjeta de fidelizaci\u00f3n digital Mood Card. Reg\u00edstrate ahora y recibe 15% de descuento en tu pr\u00f3xima visita.","robots":{"index":"index","follow":"follow","max-snippet":"max-snippet:-1","max-image-preview":"max-image-preview:large","max-video-preview":"max-video-preview:-1"},"canonical":"https:\/\/mood-colors.com\/ca\/fidelizacion-mood-card\/","og_locale":"ca_ES","og_type":"article","og_title":"Mood Card - Tu nos eliges, nosotros te premiamos","og_description":"Nueva tarjeta de fidelizaci\u00f3n digital Mood Card. Reg\u00edstrate ahora y recibe 15% de descuento en tu pr\u00f3xima visita.","og_url":"https:\/\/mood-colors.com\/ca\/fidelizacion-mood-card\/","og_site_name":"Mood Colors","article_publisher":"https:\/\/www.facebook.com\/profile.php?id=61551704345080","article_modified_time":"2025-04-23T07:47:16+00:00","twitter_card":"summary_large_image","twitter_misc":{"Temps estimat de lectura":"1 minut"},"schema":{"@context":"https:\/\/schema.org","@graph":[{"@type":"WebPage","@id":"https:\/\/mood-colors.com\/fidelizacion-mood-card\/","url":"https:\/\/mood-colors.com\/fidelizacion-mood-card\/","name":"Mood Card - Tu nos eliges, nosotros te premiamos","isPartOf":{"@id":"https:\/\/mood-colors.com\/#website"},"datePublished":"2025-04-23T07:46:19+00:00","dateModified":"2025-04-23T07:47:16+00:00","description":"Nueva tarjeta de fidelizaci\u00f3n digital Mood Card. Reg\u00edstrate ahora y recibe 15% de descuento en tu pr\u00f3xima visita.","breadcrumb":{"@id":"https:\/\/mood-colors.com\/fidelizacion-mood-card\/#breadcrumb"},"inLanguage":"ca","potentialAction":[{"@type":"ReadAction","target":["https:\/\/mood-colors.com\/fidelizacion-mood-card\/"]}]},{"@type":"BreadcrumbList","@id":"https:\/\/mood-colors.com\/fidelizacion-mood-card\/#breadcrumb","itemListElement":[{"@type":"ListItem","position":1,"name":"Home","item":"https:\/\/mood-colors.com\/"},{"@type":"ListItem","position":2,"name":"Mood Card"}]},{"@type":"WebSite","@id":"https:\/\/mood-colors.com\/#website","url":"https:\/\/mood-colors.com\/","name":"Mood Colors","description":"Taller de pintura de cer\u00e0mica a Barcelona","publisher":{"@id":"https:\/\/mood-colors.com\/#organization"},"potentialAction":[{"@type":"SearchAction","target":{"@type":"EntryPoint","urlTemplate":"https:\/\/mood-colors.com\/?s={search_term_string}"},"query-input":{"@type":"PropertyValueSpecification","valueRequired":true,"valueName":"search_term_string"}}],"inLanguage":"ca"},{"@type":"Organization","@id":"https:\/\/mood-colors.com\/#organization","name":"Mood Colors","url":"https:\/\/mood-colors.com\/","logo":{"@type":"ImageObject","inLanguage":"ca","@id":"https:\/\/mood-colors.com\/#\/schema\/logo\/image\/","url":"https:\/\/mood-colors.com\/wp-content\/uploads\/2023\/06\/cropped-cropped-favicon-mood-colors.png","contentUrl":"https:\/\/mood-colors.com\/wp-content\/uploads\/2023\/06\/cropped-cropped-favicon-mood-colors.png","width":500,"height":500,"caption":"Mood Colors"},"image":{"@id":"https:\/\/mood-colors.com\/#\/schema\/logo\/image\/"},"sameAs":["https:\/\/www.facebook.com\/profile.php?id=61551704345080","https:\/\/instagram.com\/moodcolors.bcn","https:\/\/www.tiktok.com\/@mood.colors.ceramica?_t=8jRI5rmEwOu&_r=1"]}]}},"_links":{"self":[{"href":"https:\/\/mood-colors.com\/ca\/wp-json\/wp\/v2\/pages\/1169","targetHints":{"allow":["GET"]}}],"collection":[{"href":"https:\/\/mood-colors.com\/ca\/wp-json\/wp\/v2\/pages"}],"about":[{"href":"https:\/\/mood-colors.com\/ca\/wp-json\/wp\/v2\/types\/page"}],"author":[{"embeddable":true,"href":"https:\/\/mood-colors.com\/ca\/wp-json\/wp\/v2\/users\/2"}],"replies":[{"embeddable":true,"href":"https:\/\/mood-colors.com\/ca\/wp-json\/wp\/v2\/comments?post=1169"}],"version-history":[{"count":1,"href":"https:\/\/mood-colors.com\/ca\/wp-json\/wp\/v2\/pages\/1169\/revisions"}],"predecessor-version":[{"id":1170,"href":"https:\/\/mood-colors.com\/ca\/wp-json\/wp\/v2\/pages\/1169\/revisions\/1170"}],"wp:attachment":[{"href":"https:\/\/mood-colors.com\/ca\/wp-json\/wp\/v2\/media?parent=1169"}],"curies":[{"name":"wp","href":"https:\/\/api.w.org\/{rel}","templated":true}]}}